{"id":1207,"date":"2025-07-29T16:12:21","date_gmt":"2025-07-29T08:12:21","guid":{"rendered":"https:\/\/www.argentumix.com\/?post_type=product&#038;p=1207"},"modified":"2026-01-14T17:23:01","modified_gmt":"2026-01-14T09:23:01","slug":"ymk-1001-silver-ion-generator","status":"publish","type":"product","link":"https:\/\/www.argentumix.com\/es\/product\/ymk-1001-silver-ion-generator\/","title":{"rendered":"YMK-1001 Generador de iones de plata"},"content":{"rendered":"<p>El generador de iones de plata ARGENTUMIX ofrece un enfoque innovador y libre de qu\u00edmicos para la limpieza diaria. Utilizando solo agua y electricidad, el sistema produce iones de plata estabilizados (Ag \u207a), que se sabe que limitan el crecimiento bacteriano mientras permanecen no irritantes, amigables con la superficie y seguros tanto para las personas como para las mascotas.<\/p>\n<p class=\"ds-markdown-paragraph\">Perfecto para una amplia gama de aplicaciones diarias, el sistema ARGENTUMIX se puede utilizar en hogares, oficinas, restaurantes, \u00e1reas para mascotas y m\u00e1s all\u00e1. Es adecuado para limpiar superficies tocadas con frecuencia, \u00e1reas de preparaci\u00f3n de alimentos y abordar olores comunes en el hogar dirigi\u00e9ndose a su fuente, todo sin productos qu\u00edmicos duros o olores persistentes.<\/p>\n<p class=\"ds-markdown-paragraph\">Fabricado con materiales de calidad y una tecnolog\u00eda de electrolisis eficiente, el ARGENTUMIX est\u00e1 construido para fiabilidad y facilidad de uso. Simplemente llene con agua del grifo, presione el bot\u00f3n y en 10 minutos su soluci\u00f3n de limpieza ecol\u00f3gica est\u00e1 lista para usar.<\/p>\n<p class=\"ds-markdown-paragraph\">Las pruebas de laboratorio independientes han verificado la soluci\u00f3n&#8217; Capacidad de ser eficaz\u00a0<em>contrarrestar compuestos clave que causan olores como amon\u00edaco y sulfuro de hidr\u00f3geno<\/em><strong>.<\/strong>\u00a0Las pruebas tambi\u00e9n confirman la soluci\u00f3n\u00a0<em>No contiene metales pesados detectados y no es irritante<\/em>apoyando su seguridad para uso dom\u00e9stico.<\/p>\n<p class=\"ds-markdown-paragraph\"><em><strong>Nota importante:<\/strong> Este producto es un aparato de limpieza dom\u00e9stica dise\u00f1ado para generar agua enriquecida con iones de plata para la limpieza complementaria y el control de olores. No es un desinfectante o dispositivo m\u00e9dico, y no est\u00e1 destinado a uso m\u00e9dico, tratamiento de heridas o prevenci\u00f3n de enfermedades.<\/em><\/p>\n<p class=\"ds-markdown-paragraph\">Ideal para aquellos que buscan una alternativa sostenible, segura y sencilla a los limpiadores qu\u00edmicos de un solo uso, ARGENTUMIX solo requiere agua del grifo y una m\u00e1quina para apoyar su rutina diaria de limpieza.<\/p>\n<p>&nbsp;<\/p>\n<h2><span style=\"font-size: 18pt;\">Descripci\u00f3n de productos<\/span><\/h2>\n<table style=\"width: 52.5218%; height: 550px;\">\n<tbody>\n<tr style=\"height: 56px;\">\n<td style=\"width: 24.5283%; height: 56px;\" width=\"152\"><strong><b>Nombre del producto<\/b><\/strong><\/td>\n<td style=\"width: 119.811%; height: 56px;\" colspan=\"3\" width=\"458\">Generador de iones de plata<\/td>\n<\/tr>\n<tr style=\"height: 56px;\">\n<td style=\"width: 24.5283%; height: 56px;\" width=\"152\"><strong><b>modelo<\/b><\/strong><\/td>\n<td style=\"width: 24.5283%; height: 56px;\" width=\"152\">YMK-1001<\/td>\n<td style=\"width: 24.5283%; height: 56px;\" width=\"152\"><strong><b>color<\/b><\/strong><\/td>\n<td style=\"width: 70.7547%; height: 56px;\" width=\"152\">Blanco<\/td>\n<\/tr>\n<tr style=\"height: 56px;\">\n<td style=\"width: 24.5283%; height: 56px;\" width=\"152\"><strong><b>Dimensiones<\/b><\/strong><\/td>\n<td style=\"width: 24.5283%; height: 56px;\" width=\"152\">73*94*254mm<\/td>\n<td style=\"width: 24.5283%; height: 56px;\" width=\"152\"><strong><b>Capacidad<\/b><\/strong><\/td>\n<td style=\"width: 70.7547%; height: 56px;\" width=\"152\">220ml<\/td>\n<\/tr>\n<tr style=\"height: 56px;\">\n<td style=\"width: 24.5283%; height: 56px;\" width=\"152\"><strong><b>Material<\/b><\/strong><\/td>\n<td style=\"width: 24.5283%; height: 56px;\" width=\"152\">PP, PC, ABS<\/td>\n<td style=\"width: 24.5283%; height: 56px;\" width=\"152\"><strong><b>Bater\u00eda<\/b><\/strong><\/td>\n<td style=\"width: 70.7547%; height: 56px;\" width=\"152\">3.7V 1500mAh<\/td>\n<\/tr>\n<tr style=\"height: 56px;\">\n<td style=\"width: 24.5283%; height: 56px;\" width=\"152\"><strong><b>Carga nominal<\/b><\/strong><\/td>\n<td style=\"width: 24.5283%; height: 56px;\" width=\"152\">DC5V<\/td>\n<td style=\"width: 24.5283%; height: 56px;\" width=\"152\"><strong><b>Potencia nominal<\/b><\/strong><\/td>\n<td style=\"width: 70.7547%; height: 56px;\" width=\"152\">5W<\/td>\n<\/tr>\n<tr style=\"height: 56px;\">\n<td style=\"width: 24.5283%; height: 56px;\" width=\"152\"><strong><b>Tiempo de operaci\u00f3n<\/b><\/strong><\/td>\n<td style=\"width: 24.5283%; height: 56px;\" width=\"152\">10 minutos<\/td>\n<td style=\"width: 24.5283%; height: 56px;\" width=\"152\"><strong><b>Puerto de carga<\/b><\/strong><\/td>\n<td style=\"width: 70.7547%; height: 56px;\" width=\"152\">Tipo C<\/td>\n<\/tr>\n<tr style=\"height: 56px;\">\n<td style=\"width: 24.5283%; height: 56px;\" width=\"152\"><strong><b>Peso neto<\/b><\/strong><\/td>\n<td style=\"width: 24.5283%; height: 56px;\" width=\"152\">238g<\/td>\n<td style=\"width: 24.5283%; height: 56px;\" width=\"152\"><strong><b>Peso Bruto<\/b><\/strong><\/td>\n<td style=\"width: 70.7547%; height: 56px;\" width=\"152\">548g<\/td>\n<\/tr>\n<\/tbody>\n<\/table>\n<p><strong><b>\u00a0<\/b><\/strong><\/p>\n<h2>Beneficios clave<\/h2>\n<p style=\"padding-left: 40px;\">\u2705 <strong>Frescos y Efectivo bajo demanda:<\/strong> Transformar el agua del grifo en una soluci\u00f3n fresca y potente de iones de plata (1-3 ppm) en unos 10 minutos con una sola presi\u00f3n de bot\u00f3n. Utilice inmediatamente para una eficacia \u00f3ptima.<\/p>\n<p style=\"padding-left: 40px;\">\u2705 <strong>Personalizable para sus necesidades:<\/strong> Personaliza la soluci\u00f3n&#8217; resistencia mediante la selecci\u00f3n del tiempo de ciclo, perfecto para todo, desde la limpieza de rutina hasta la lucha contra los olores obstinados.<\/p>\n<p style=\"padding-left: 40px;\">\u2705 <strong>Gentile pero poderoso:<\/strong> La soluci\u00f3n resultante es incolora, inodora y libre de productos qu\u00edmicos duros, metales pesados y residuos, lo que la hace segura para su uso alrededor de la familia, las mascotas y en la mayor\u00eda de las superficies.<\/p>\n<p style=\"padding-left: 40px;\">\u2705<strong> La elecci\u00f3n sostenible:<\/strong> Un dispositivo reutilizable reemplaza innumerables botellas de pl\u00e1stico de un solo uso, reduciendo los residuos de pl\u00e1stico y la escorrent\u00eda qu\u00edmica para un hogar y un planeta m\u00e1s limpios.<\/p>\n<p style=\"padding-left: 40px;\">\u2705 <strong>Construido para durar &amp; F\u00e1cil de usar:<\/strong> Con componentes resistentes a la corrosi\u00f3n y una operaci\u00f3n intuitiva con un solo bot\u00f3n para un uso diario y fiable.<\/p>\n<p>&nbsp;<\/p>\n<h2>Especificaciones t\u00e9cnicas<\/h2>\n<p class=\"ds-markdown-paragraph\" style=\"padding-left: 40px;\"><strong>\u2705  Capacidad del lote:<\/strong>\u00a0220ml - la cantidad perfecta para llenar una botella de rociador est\u00e1ndar para una sesi\u00f3n de limpieza.<\/p>\n<p class=\"ds-markdown-paragraph\" style=\"padding-left: 40px;\"><strong>\u2705  Rango de concentraci\u00f3n:<\/strong>\u00a0Producci\u00f3n de iones de plata ajustable entre 1 a 3 partes por mill\u00f3n (ppm).<\/p>\n<p class=\"ds-markdown-paragraph\" style=\"padding-left: 40px;\"><strong>\u2705  Tiempo del ciclo:<\/strong>\u00a0Aproximadamente 10 minutos por lote.<\/p>\n<p class=\"ds-markdown-paragraph\" style=\"padding-left: 40px;\"><strong>\u2705  Tecnolog\u00eda principal:<\/strong>\u00a0Electr\u00f3lisis de microcorriente utilizando un electrodo de plata pura.<\/p>\n<p class=\"ds-markdown-paragraph\" style=\"padding-left: 40px;\"><strong>\u2705  Energ\u00eda &amp; Durabilidad:<\/strong>\u00a0Soporta un uso extenso en una sola carga; construido con una carcasa duradera y materiales anticorrosivos internos de calidad alimentaria.<\/p>\n<p class=\"ds-markdown-paragraph\" style=\"padding-left: 40px;\"><strong>\u2705  Seguridad y Verificaci\u00f3n:<\/strong>\u00a0Soluci\u00f3n probada en laboratorio comprobada como libre de metales pesados detectados y no irritante.<\/p>\n<p>&nbsp;<\/p>\n<h2>D\u00f3nde utilizar<\/h2>\n<p style=\"padding-left: 40px;\"><strong><b>\u2705\u00a0\u00a0<\/b><\/strong>Cuidado del hogar: Para limpiar y refrescar superficies como encimeras, pisos y muebles.<\/p>\n<p style=\"padding-left: 40px;\"><strong><b>\u2705\u00a0\u00a0<\/b><\/strong>Tela &amp; Cuidado de art\u00edculos personales: Ayuda a reducir los olores y refrescar las telas en ropa, toallas y accesorios personales.<\/p>\n<p style=\"padding-left: 40px;\"><strong><b>\u2705\u00a0\u00a0<\/b><\/strong>Cuidado de mascotas: Para limpiar y desodorizar camas de mascotas, juguetes y \u00e1reas de alimentaci\u00f3n.<\/p>\n<p style=\"padding-left: 40px;\"><strong><b>\u2705\u00a0\u00a0<\/b><\/strong>Higiene personal: Para la limpieza suave de art\u00edculos personales no invasivos como peines, cepillos de pelo y accesorios no electr\u00f3nicos.<\/p>\n<p style=\"padding-left: 40px;\"><strong><b>\u2705\u00a0\u00a0<\/b><\/strong>Gimnasio &amp; Espacios p\u00fablicos: Para limpiar superficies de alto contacto como equipos de ejercicio y mesas compartidas.<\/p>\n<p>&nbsp;<\/p>\n<h2>\u00bfQu\u00e9 es el agua electrol\u00edtica enriquecida con iones de plata?<\/h2>\n<p class=\"ds-markdown-paragraph\">El agua electrol\u00edtica enriquecida con iones de plata es un l\u00edquido transparente e inodoro producido mediante el paso de una corriente el\u00e9ctrica de baja tensi\u00f3n a trav\u00e9s del agua utilizando un electrodo de plata pura. Este proceso, conocido como electrolisis, libera iones de plata estabilizados (Ag \u207a)  en el agua.<\/p>\n<p class=\"ds-markdown-paragraph\">La soluci\u00f3n resultante es valorada por su papel en el apoyo\u00a0<em>higiene diaria y limpieza superficial<\/em>Las pruebas de laboratorio independientes se han centrado en su perfil de seguridad y utilidad funcional, verificando su eficacia en <em>contrarrestar los compuestos que causan olores comunes<\/em> y confirmarlo <em>No contiene metales pesados detectados y no es irritante<\/em>. En el uso diario, su funci\u00f3n es\u00a0<em>ayuda a abordar las fuentes org\u00e1nicas que pueden conducir a olores<\/em>contribuyendo as\u00ed a un entorno m\u00e1s fresco.<\/p>\n<p class=\"ds-markdown-paragraph\">Una ventaja clave de esta soluci\u00f3n es su excepcional compatibilidad y suavidad. Se va <em>sin residuos qu\u00edmicos<\/em>es\u00a0<em>no irritante<\/em>\u00a0para la piel, seguro para su uso alrededor de personas y mascotas, suave en la mayor\u00eda de las superficies y respetuoso con el medio ambiente, ofreciendo una alternativa pr\u00e1ctica a los limpiadores qu\u00edmicos m\u00e1s duros y enmascaradores de olores.<\/p>\n<p class=\"ds-markdown-paragraph\">En resumen, el agua de iones de plata generada electrol\u00edticamente es un\u00a0<em>soluci\u00f3n moderna y sostenible para mantener la limpieza y la frescura diarias<\/em>\u00a0en casas, oficinas y varios espacios de vida.<\/p>\n<p>&nbsp;<\/p>\n<figure id=\"attachment_3793\" aria-describedby=\"caption-attachment-3793\" style=\"width: 1200px\" class=\"wp-caption alignnone\"><img fetchpriority=\"high\" decoding=\"async\" class=\"wp-image-3793\" src=\"https:\/\/www.argentumix.com\/wp-content\/uploads\/2025\/07\/EN-\u64cd\u4f5c\u6307\u5357-e1758395186169.jpg\" alt=\"C\u00f3mo operar YMK-1001 Plata lon generador\" width=\"1200\" height=\"1063\" srcset=\"https:\/\/www.argentumix.com\/wp-content\/uploads\/2025\/07\/EN-\u64cd\u4f5c\u6307\u5357-e1758395186169.jpg 1400w, https:\/\/www.argentumix.com\/wp-content\/uploads\/2025\/07\/EN-\u64cd\u4f5c\u6307\u5357-e1758395186169-300x266.jpg 300w, https:\/\/www.argentumix.com\/wp-content\/uploads\/2025\/07\/EN-\u64cd\u4f5c\u6307\u5357-e1758395186169-1024x907.jpg 1024w, https:\/\/www.argentumix.com\/wp-content\/uploads\/2025\/07\/EN-\u64cd\u4f5c\u6307\u5357-e1758395186169-768x680.jpg 768w, https:\/\/www.argentumix.com\/wp-content\/uploads\/2025\/07\/EN-\u64cd\u4f5c\u6307\u5357-e1758395186169-600x531.jpg 600w\" sizes=\"(max-width: 1200px) 100vw, 1200px\" \/><figcaption id=\"caption-attachment-3793\" class=\"wp-caption-text\">c\u00f3mo operar YMK-1001 generador de iones de plata para obtener agua enriquecida con iones de plata para la limpieza diaria<\/figcaption><\/figure>\n<p>&nbsp;<\/p>\n<h2>Cada hogar merece un cuidado delicado<\/h2>\n<p>Explora c\u00f3mo este agua de iones de plata, hecha solo de agua y una corriente suave, ofrece un tipo m\u00e1s inteligente de cuidado para encimeras iluminadas por el sol, textiles preciados y cada rinc\u00f3n en medio, trabajando en silencio para abordar la fuente de las preocupaciones diarias, dejando atr\u00e1s nada m\u00e1s que frescura.<\/p>\n<p><img decoding=\"async\" class=\"wp-image-3794 alignnone\" src=\"https:\/\/www.argentumix.com\/wp-content\/uploads\/2025\/07\/EN-\u5bb6\u5c45\u5e94\u7528-e1758359648911.jpg\" alt=\"D\u00f3nde usar YMK-1001 Generador de iones de plata\" width=\"1200\" height=\"1466\" srcset=\"https:\/\/www.argentumix.com\/wp-content\/uploads\/2025\/07\/EN-\u5bb6\u5c45\u5e94\u7528-e1758359648911.jpg 1400w, https:\/\/www.argentumix.com\/wp-content\/uploads\/2025\/07\/EN-\u5bb6\u5c45\u5e94\u7528-e1758359648911-246x300.jpg 246w, https:\/\/www.argentumix.com\/wp-content\/uploads\/2025\/07\/EN-\u5bb6\u5c45\u5e94\u7528-e1758359648911-838x1024.jpg 838w, https:\/\/www.argentumix.com\/wp-content\/uploads\/2025\/07\/EN-\u5bb6\u5c45\u5e94\u7528-e1758359648911-768x938.jpg 768w, https:\/\/www.argentumix.com\/wp-content\/uploads\/2025\/07\/EN-\u5bb6\u5c45\u5e94\u7528-e1758359648911-1258x1536.jpg 1258w, https:\/\/www.argentumix.com\/wp-content\/uploads\/2025\/07\/EN-\u5bb6\u5c45\u5e94\u7528-e1758359648911-600x733.jpg 600w\" sizes=\"(max-width: 1200px) 100vw, 1200px\" \/><\/p>\n<p>&nbsp;<\/p>\n<h2>Garant\u00eda<\/h2>\n<p>Estamos firmemente detr\u00e1s de la calidad de cada unidad ARGENTUMIX. Cada generador se somete a una inspecci\u00f3n de f\u00e1brica del 100% para garantizar una estabilidad de electrolisis excepcional y una fiabilidad a largo plazo, soportando m\u00e1s de 10.000 ciclos de limpieza mientras mantiene un rendimiento consistente y confiable.<\/p>\n<p style=\"padding-left: 40px;\">\u2705 Respaldado por una garant\u00eda limitada de 1 a\u00f1o para su tranquilidad.<\/p>\n<p style=\"padding-left: 40px;\">\u2705 Construido con materiales robustos y componentes resistentes a la corrosi\u00f3n para un uso diario duradero.<\/p>\n<p style=\"padding-left: 40px;\">\u2705 Elegir ARGENTUMIX significa invertir en un estilo de vida sostenible, rentable y libre de qu\u00edmicos, para un hogar y un planeta m\u00e1s saludables.<\/p>\n<p>&nbsp;<\/p>\n<h2>Descargo de responsabilidad<\/h2>\n<p>El generador de iones plata ARGENTUMIX <em>es un aparato de limpieza dom\u00e9stica dise\u00f1ado para generar agua enriquecida con iones de plata para la limpieza complementaria y el control de olores.\u00a0<\/em>Este producto es\u00a0<em>no es un desinfectante, desinfectante, pesticida, f\u00e1rmaco o producto cosm\u00e9tico<\/em><strong>.<\/strong>\u00a0No tiene la intenci\u00f3n de prevenir, tratar, mitigar o curar ninguna enfermedad o condici\u00f3n de salud. Est\u00e1 dise\u00f1ado para\u00a0<em>solo para fines generales y auxiliares de limpieza<\/em><strong>.<\/strong>\u00a0Todas las referencias a los escenarios de uso son descriptivas de la aplicaci\u00f3n f\u00edsica y no afirmaciones de eficacia.<\/p>\n<p>&nbsp;<\/p>\n<p>Para m\u00e1s informaci\u00f3n o consultas de asociaci\u00f3n, por favor p\u00f3ngase en contacto con nosotros en\u00a0<em><span style=\"color: #3366ff;\"><a style=\"color: #3366ff;\" href=\"mailto:info@argentumix.com\" target=\"_blank\" rel=\"noopener noreferrer\">info@argentumix.com<\/a><\/span><\/em>Esperamos ayudarle.<\/p>","protected":false},"excerpt":{"rendered":"<h2><span style=\"font-size: 14pt;\"><strong>Conoce YMK-1001: Su f\u00e1brica de agua de iones de plata en miniatura<\/strong><\/span><\/h2>\n<p><span style=\"font-size: 14pt;\"><em>Agua del grifo de 1 dispositivo = agua enriquecida con iones de plata<\/em><\/span><\/p>\n<p><span style=\"font-size: 12pt;\">Este dispositivo compacto utiliza la electrolisis pura para transformar el agua en una soluci\u00f3n enriquecida con iones de plata.<strong>sin productos qu\u00edmicos a\u00f1adidos, sin olor y sin irritaci\u00f3n<\/strong>Funciona a nivel molecular para limitar el crecimiento de las bacterias que causan olores justo en la fuente, ayudando a prevenir los olores antes de que comiencen.<\/span><\/p>\n<p><span style=\"font-size: 12pt;\">Intercambio de botellas de pl\u00e1stico sin fin para una frescura duradera y un hogar m\u00e1s limpio. Reutilizable, incre\u00edblemente econ\u00f3mico, y alimentado solo por agua y un rastro de electricidad.  It&#8217; El cuidado puro, inteligente y sostenible, reimaginado.<\/span><\/p>","protected":false},"featured_media":3790,"comment_status":"closed","ping_status":"closed","template":"","meta":[],"product_brand":[69],"product_cat":[15],"product_tag":[],"class_list":{"0":"post-1207","1":"product","2":"type-product","3":"status-publish","4":"has-post-thumbnail","6":"product_brand-argentumix","7":"product_cat-portable-series","9":"first","10":"instock","11":"shipping-taxable","12":"purchasable","13":"product-type-simple"},"_links":{"self":[{"href":"https:\/\/www.argentumix.com\/es\/wp-json\/wp\/v2\/product\/1207","targetHints":{"allow":["GET"]}}],"collection":[{"href":"https:\/\/www.argentumix.com\/es\/wp-json\/wp\/v2\/product"}],"about":[{"href":"https:\/\/www.argentumix.com\/es\/wp-json\/wp\/v2\/types\/product"}],"replies":[{"embeddable":true,"href":"https:\/\/www.argentumix.com\/es\/wp-json\/wp\/v2\/comments?post=1207"}],"wp:featuredmedia":[{"embeddable":true,"href":"https:\/\/www.argentumix.com\/es\/wp-json\/wp\/v2\/media\/3790"}],"wp:attachment":[{"href":"https:\/\/www.argentumix.com\/es\/wp-json\/wp\/v2\/media?parent=1207"}],"wp:term":[{"taxonomy":"product_brand","embeddable":true,"href":"https:\/\/www.argentumix.com\/es\/wp-json\/wp\/v2\/product_brand?post=1207"},{"taxonomy":"product_cat","embeddable":true,"href":"https:\/\/www.argentumix.com\/es\/wp-json\/wp\/v2\/product_cat?post=1207"},{"taxonomy":"product_tag","embeddable":true,"href":"https:\/\/www.argentumix.com\/es\/wp-json\/wp\/v2\/product_tag?post=1207"}],"curies":[{"name":"wp","href":"https:\/\/api.w.org\/{rel}","templated":true}]}}