{"id":1207,"date":"2025-07-29T16:12:21","date_gmt":"2025-07-29T08:12:21","guid":{"rendered":"https:\/\/www.argentumix.com\/?post_type=product&#038;p=1207"},"modified":"2026-01-14T17:23:01","modified_gmt":"2026-01-14T09:23:01","slug":"ymk-1001-silver-ion-generator","status":"publish","type":"product","link":"https:\/\/www.argentumix.com\/vi\/product\/ymk-1001-silver-ion-generator\/","title":{"rendered":"M\u00e1y ph\u00e1t ion b\u1ea1c YMK-1001"},"content":{"rendered":"<p>M\u00e1y ph\u00e1t ion b\u1ea1c ARGENTUMIX cung c\u1ea5p m\u1ed9t c\u00e1ch ti\u1ebfp c\u1eadn s\u00e1ng t\u1ea1o v\u00e0 kh\u00f4ng c\u00f3 h\u00f3a ch\u1ea5t \u0111\u1ec3 l\u00e0m s\u1ea1ch h\u00e0ng ng\u00e0y. Ch\u1ec9 s\u1eed d\u1ee5ng n\u01b0\u1edbc v\u00e0 \u0111i\u1ec7n, h\u1ec7 th\u1ed1ng s\u1ea3n xu\u1ea5t c\u00e1c ion b\u1ea1c \u1ed5n \u0111\u1ecbnh (Ag \u207a), \u0111\u01b0\u1ee3c bi\u1ebft l\u00e0 h\u1ea1n ch\u1ebf s\u1ef1 ph\u00e1t tri\u1ec3n c\u1ee7a vi khu\u1ea9n trong khi v\u1eabn kh\u00f4ng g\u00e2y k\u00edch th\u00edch, th\u00e2n thi\u1ec7n v\u1edbi b\u1ec1 m\u1eb7t v\u00e0 an to\u00e0n cho c\u1ea3 con ng\u01b0\u1eddi v\u00e0 v\u1eadt nu\u00f4i.<\/p>\n<p class=\"ds-markdown-paragraph\">Ho\u00e0n h\u1ea3o cho m\u1ed9t lo\u1ea1t c\u00e1c \u1ee9ng d\u1ee5ng h\u00e0ng ng\u00e0y, h\u1ec7 th\u1ed1ng ARGENTUMIX c\u00f3 th\u1ec3 \u0111\u01b0\u1ee3c s\u1eed d\u1ee5ng trong nh\u00e0, v\u0103n ph\u00f2ng, nh\u00e0 h\u00e0ng, khu v\u1ef1c th\u00fa c\u01b0ng v\u00e0 h\u01a1n th\u1ebf n\u1eefa. N\u00f3 ph\u00f9 h\u1ee3p \u0111\u1ec3 l\u00e0m s\u1ea1ch c\u00e1c b\u1ec1 m\u1eb7t th\u01b0\u1eddng xuy\u00ean ch\u1ea1m v\u00e0o, khu v\u1ef1c chu\u1ea9n b\u1ecb th\u1ef1c ph\u1ea9m v\u00e0 gi\u1ea3i quy\u1ebft m\u00f9i h\u01b0\u01a1ng gia \u0111\u00ecnh ph\u1ed5 bi\u1ebfn b\u1eb1ng c\u00e1ch nh\u1eafm m\u1ee5c ti\u00eau ngu\u1ed3n c\u1ee7a ch\u00fang - t\u1ea5t c\u1ea3 \u0111\u1ec1u kh\u00f4ng c\u00f3 h\u00f3a ch\u1ea5t kh\u1eafc nghi\u1ec7t ho\u1eb7c m\u00f9i k\u00e9o d\u00e0i.<\/p>\n<p class=\"ds-markdown-paragraph\">\u0110\u01b0\u1ee3c ch\u1ebf t\u1ea1o b\u1eb1ng v\u1eadt li\u1ec7u ch\u1ea5t l\u01b0\u1ee3ng v\u00e0 c\u00f4ng ngh\u1ec7 \u0111i\u1ec7n ph\u00e2n hi\u1ec7u qu\u1ea3, ARGENTUMIX \u0111\u01b0\u1ee3c x\u00e2y d\u1ef1ng cho \u0111\u1ed9 tin c\u1eady v\u00e0 d\u1ec5 s\u1eed d\u1ee5ng. Ch\u1ec9 c\u1ea7n l\u1ea5p \u0111\u1ea7y n\u01b0\u1edbc t\u1eeb v\u00f2i, nh\u1ea5n n\u00fat, v\u00e0 trong 10 ph\u00fat gi\u1ea3i ph\u00e1p l\u00e0m s\u1ea1ch th\u00e2n thi\u1ec7n v\u1edbi m\u00f4i tr\u01b0\u1eddng c\u1ee7a b\u1ea1n \u0111\u00e3 s\u1eb5n s\u00e0ng s\u1eed d\u1ee5ng.<\/p>\n<p class=\"ds-markdown-paragraph\">Th\u1eed nghi\u1ec7m ph\u00f2ng th\u00ed nghi\u1ec7m \u0111\u1ed9c l\u1eadp \u0111\u00e3 x\u00e1c minh gi\u1ea3i ph\u00e1p&#8217; S kh\u1ea3 n\u0103ng hi\u1ec7u qu\u1ea3\u00a0<em>ch\u1ed1ng l\u1ea1i c\u00e1c h\u1ee3p ch\u1ea5t g\u00e2y m\u00f9i ch\u00ednh nh\u01b0 amoniac v\u00e0 hydrogen sulfide<\/em><strong>.<\/strong>\u00a0C\u00e1c th\u1eed nghi\u1ec7m c\u0169ng x\u00e1c nh\u1eadn gi\u1ea3i ph\u00e1p\u00a0<em>kh\u00f4ng ch\u1ee9a kim lo\u1ea1i n\u1eb7ng \u0111\u01b0\u1ee3c ph\u00e1t hi\u1ec7n v\u00e0 kh\u00f4ng g\u00e2y k\u00edch th\u00edch<\/em>H\u1ed7 tr\u1ee3 an to\u00e0n cho s\u1eed d\u1ee5ng trong gia \u0111\u00ecnh.<\/p>\n<p class=\"ds-markdown-paragraph\"><em><strong>L\u01b0u \u00fd quan tr\u1ecdng:<\/strong> S\u1ea3n ph\u1ea9m n\u00e0y l\u00e0 m\u1ed9t thi\u1ebft b\u1ecb l\u00e0m s\u1ea1ch gia \u0111\u00ecnh \u0111\u01b0\u1ee3c thi\u1ebft k\u1ebf \u0111\u1ec3 t\u1ea1o ra n\u01b0\u1edbc l\u00e0m gi\u00e0u ion b\u1ea1c \u0111\u1ec3 l\u00e0m s\u1ea1ch b\u1ed5 sung v\u00e0 ki\u1ec3m so\u00e1t m\u00f9i. N\u00f3 kh\u00f4ng ph\u1ea3i l\u00e0 m\u1ed9t ch\u1ea5t kh\u1eed tr\u00f9ng ho\u1eb7c thi\u1ebft b\u1ecb y t\u1ebf, v\u00e0 kh\u00f4ng \u0111\u01b0\u1ee3c thi\u1ebft k\u1ebf \u0111\u1ec3 s\u1eed d\u1ee5ng y t\u1ebf, \u0111i\u1ec1u tr\u1ecb v\u1ebft th\u01b0\u01a1ng ho\u1eb7c ph\u00f2ng ng\u1eeba b\u1ec7nh t\u1eadt.<\/em><\/p>\n<p class=\"ds-markdown-paragraph\">L\u00fd t\u01b0\u1edfng cho nh\u1eefng ng\u01b0\u1eddi t\u00ecm ki\u1ebfm m\u1ed9t l\u1ef1a ch\u1ecdn b\u1ec1n v\u1eefng, an to\u00e0n v\u00e0 \u0111\u01a1n gi\u1ea3n cho ch\u1ea5t l\u00e0m s\u1ea1ch h\u00f3a ch\u1ea5t s\u1eed d\u1ee5ng m\u1ed9t l\u1ea7n, ARGENTUMIX ch\u1ec9 c\u1ea7n n\u01b0\u1edbc v\u00f2i v\u00e0 m\u1ed9t m\u00e1y \u0111\u1ec3 h\u1ed7 tr\u1ee3 th\u00f3i quen l\u00e0m s\u1ea1ch h\u00e0ng ng\u00e0y c\u1ee7a b\u1ea1n.<\/p>\n<p>&nbsp;<\/p>\n<h2><span style=\"font-size: 18pt;\">M\u00f4 t\u1ea3 s\u1ea3n ph\u1ea9m<\/span><\/h2>\n<table style=\"width: 52.5218%; height: 550px;\">\n<tbody>\n<tr style=\"height: 56px;\">\n<td style=\"width: 24.5283%; height: 56px;\" width=\"152\"><strong><b>T\u00ean s\u1ea3n ph\u1ea9m<\/b><\/strong><\/td>\n<td style=\"width: 119.811%; height: 56px;\" colspan=\"3\" width=\"458\">M\u00e1y ph\u00e1t ion b\u1ea1c<\/td>\n<\/tr>\n<tr style=\"height: 56px;\">\n<td style=\"width: 24.5283%; height: 56px;\" width=\"152\"><strong><b>M\u00f4 h\u00ecnh<\/b><\/strong><\/td>\n<td style=\"width: 24.5283%; height: 56px;\" width=\"152\">S\u1ea3n ph\u1ea9m YMK-1001<\/td>\n<td style=\"width: 24.5283%; height: 56px;\" width=\"152\"><strong><b>M\u00e0u s\u1eafc<\/b><\/strong><\/td>\n<td style=\"width: 70.7547%; height: 56px;\" width=\"152\">Tr\u1eafng<\/td>\n<\/tr>\n<tr style=\"height: 56px;\">\n<td style=\"width: 24.5283%; height: 56px;\" width=\"152\"><strong><b>K\u00edch th\u01b0\u1edbc<\/b><\/strong><\/td>\n<td style=\"width: 24.5283%; height: 56px;\" width=\"152\">73*94*254mm<\/td>\n<td style=\"width: 24.5283%; height: 56px;\" width=\"152\"><strong><b>C\u00f4ng su\u1ea5t<\/b><\/strong><\/td>\n<td style=\"width: 70.7547%; height: 56px;\" width=\"152\">S\u1ed1 l\u01b0\u1ee3ng 220ml<\/td>\n<\/tr>\n<tr style=\"height: 56px;\">\n<td style=\"width: 24.5283%; height: 56px;\" width=\"152\"><strong><b>V\u1eadt li\u1ec7u<\/b><\/strong><\/td>\n<td style=\"width: 24.5283%; height: 56px;\" width=\"152\">PP, PC, ABS<\/td>\n<td style=\"width: 24.5283%; height: 56px;\" width=\"152\"><strong><b>Pin<\/b><\/strong><\/td>\n<td style=\"width: 70.7547%; height: 56px;\" width=\"152\">3.7V 1500mAh<\/td>\n<\/tr>\n<tr style=\"height: 56px;\">\n<td style=\"width: 24.5283%; height: 56px;\" width=\"152\"><strong><b>S\u1ea1c \u0111\u1ecbnh m\u1ee9c<\/b><\/strong><\/td>\n<td style=\"width: 24.5283%; height: 56px;\" width=\"152\">DC5V<\/td>\n<td style=\"width: 24.5283%; height: 56px;\" width=\"152\"><strong><b>C\u00f4ng su\u1ea5t \u0111\u1ecbnh m\u1ee9c<\/b><\/strong><\/td>\n<td style=\"width: 70.7547%; height: 56px;\" width=\"152\">5W<\/td>\n<\/tr>\n<tr style=\"height: 56px;\">\n<td style=\"width: 24.5283%; height: 56px;\" width=\"152\"><strong><b>Th\u1eddi gian ho\u1ea1t \u0111\u1ed9ng<\/b><\/strong><\/td>\n<td style=\"width: 24.5283%; height: 56px;\" width=\"152\">10 ph\u00fat<\/td>\n<td style=\"width: 24.5283%; height: 56px;\" width=\"152\"><strong><b>C\u1ed5ng s\u1ea1c<\/b><\/strong><\/td>\n<td style=\"width: 70.7547%; height: 56px;\" width=\"152\">Lo\u1ea1i C<\/td>\n<\/tr>\n<tr style=\"height: 56px;\">\n<td style=\"width: 24.5283%; height: 56px;\" width=\"152\"><strong><b>Tr\u1ecdng l\u01b0\u1ee3ng r\u00f2ng<\/b><\/strong><\/td>\n<td style=\"width: 24.5283%; height: 56px;\" width=\"152\">238g<\/td>\n<td style=\"width: 24.5283%; height: 56px;\" width=\"152\"><strong><b>Tr\u1ecdng l\u01b0\u1ee3ng t\u1ed5ng c\u1ed9ng<\/b><\/strong><\/td>\n<td style=\"width: 70.7547%; height: 56px;\" width=\"152\">548g<\/td>\n<\/tr>\n<\/tbody>\n<\/table>\n<p><strong><b>\u00a0<\/b><\/strong><\/p>\n<h2>L\u1ee3i \u00edch ch\u00ednh<\/h2>\n<p style=\"padding-left: 40px;\">\u2705 <strong>t\u01b0\u01a1i &amp; Hi\u1ec7u qu\u1ea3 theo nhu c\u1ea7u:<\/strong> Chuy\u1ec3n \u0111\u1ed5i n\u01b0\u1edbc v\u00f2i th\u00e0nh m\u1ed9t dung d\u1ecbch ion b\u1ea1c t\u01b0\u01a1i, m\u1ea1nh m\u1ebd (1-3ppm) trong kho\u1ea3ng 10 ph\u00fat v\u1edbi m\u1ed9t n\u00fat nh\u1ea5n. S\u1eed d\u1ee5ng ngay l\u1eadp t\u1ee9c \u0111\u1ec3 c\u00f3 hi\u1ec7u qu\u1ea3 t\u1ed1i \u01b0u.<\/p>\n<p style=\"padding-left: 40px;\">\u2705 <strong>T\u00f9y ch\u1ec9nh cho nhu c\u1ea7u c\u1ee7a b\u1ea1n:<\/strong> Ph\u00f9 h\u1ee3p v\u1edbi gi\u1ea3i ph\u00e1p&#8217; S\u1ee9c m\u1ea1nh c\u1ee7a b\u1ea1n b\u1eb1ng c\u00e1ch ch\u1ecdn th\u1eddi gian chu k\u1ef3 - ho\u00e0n h\u1ea3o cho m\u1ecdi th\u1ee9 t\u1eeb vi\u1ec7c l\u00e0m s\u1ea1ch th\u01b0\u1eddng xuy\u00ean \u0111\u1ebfn vi\u1ec7c gi\u1ea3i quy\u1ebft m\u00f9i c\u1ee9ng \u0111\u1ea7u.<\/p>\n<p style=\"padding-left: 40px;\">\u2705 <strong>Nh\u1eb9 nh\u00e0ng nh\u01b0ng m\u1ea1nh m\u1ebd:<\/strong> Gi\u1ea3i ph\u00e1p k\u1ebft qu\u1ea3 l\u00e0 kh\u00f4ng m\u00e0u, kh\u00f4ng m\u00f9i v\u00e0 kh\u00f4ng c\u00f3 h\u00f3a ch\u1ea5t kh\u1eafc nghi\u1ec7t, kim lo\u1ea1i n\u1eb7ng v\u00e0 d\u01b0 l\u01b0\u1ee3ng, l\u00e0m cho n\u00f3 an to\u00e0n \u0111\u1ec3 s\u1eed d\u1ee5ng xung quanh gia \u0111\u00ecnh, v\u1eadt nu\u00f4i v\u00e0 tr\u00ean h\u1ea7u h\u1ebft c\u00e1c b\u1ec1 m\u1eb7t.<\/p>\n<p style=\"padding-left: 40px;\">\u2705<strong> L\u1ef1a ch\u1ecdn b\u1ec1n v\u1eefng:<\/strong> M\u1ed9t thi\u1ebft b\u1ecb t\u00e1i s\u1eed d\u1ee5ng thay th\u1ebf v\u00f4 s\u1ed1 chai nh\u1ef1a d\u00f9ng m\u1ed9t l\u1ea7n, gi\u1ea3m ch\u1ea5t th\u1ea3i nh\u1ef1a v\u00e0 ch\u1ea5t th\u1ea3i h\u00f3a h\u1ecdc cho m\u1ed9t ng\u00f4i nh\u00e0 v\u00e0 h\u00e0nh tinh s\u1ea1ch h\u01a1n.<\/p>\n<p style=\"padding-left: 40px;\">\u2705 <strong>X\u00e2y d\u1ef1ng Last &amp; D\u1ec5 s\u1eed d\u1ee5ng:<\/strong> V\u1edbi c\u00e1c th\u00e0nh ph\u1ea7n b\u1ec1n, ch\u1ed1ng \u0103n m\u00f2n v\u00e0 ho\u1ea1t \u0111\u1ed9ng tr\u1ef1c quan m\u1ed9t n\u00fat \u0111\u1ec3 s\u1eed d\u1ee5ng h\u00e0ng ng\u00e0y \u0111\u00e1ng tin c\u1eady.<\/p>\n<p>&nbsp;<\/p>\n<h2>Th\u00f4ng s\u1ed1 k\u1ef9 thu\u1eadt<\/h2>\n<p class=\"ds-markdown-paragraph\" style=\"padding-left: 40px;\"><strong>\u2705  C\u00f4ng su\u1ea5t l\u00f4:<\/strong>\u00a0220ml - l\u01b0\u1ee3ng ho\u00e0n h\u1ea3o \u0111\u1ec3 l\u1ea5p \u0111\u1ea7y m\u1ed9t chai phun ti\u00eau chu\u1ea9n cho m\u1ed9t phi\u00ean l\u00e0m s\u1ea1ch.<\/p>\n<p class=\"ds-markdown-paragraph\" style=\"padding-left: 40px;\"><strong>\u2705  Ph\u1ea1m vi n\u1ed3ng \u0111\u1ed9:<\/strong>\u00a0S\u1ea3n l\u01b0\u1ee3ng ion b\u1ea1c c\u00f3 th\u1ec3 \u0111i\u1ec1u ch\u1ec9nh t\u1eeb 1 \u0111\u1ebfn 3 ph\u1ea7n tr\u00ean tri\u1ec7u (ppm).<\/p>\n<p class=\"ds-markdown-paragraph\" style=\"padding-left: 40px;\"><strong>\u2705  Th\u1eddi gian chu k\u1ef3:<\/strong>\u00a0Kho\u1ea3ng 10 ph\u00fat m\u1ed7i batch.<\/p>\n<p class=\"ds-markdown-paragraph\" style=\"padding-left: 40px;\"><strong>\u2705  C\u00f4ng ngh\u1ec7 c\u1ed1t l\u00f5i:<\/strong>\u00a0\u0110i\u1ec7n ph\u00e2n vi d\u00f2ng s\u1eed d\u1ee5ng m\u1ed9t \u0111i\u1ec7n c\u1ef1c b\u1ea1c tinh khi\u1ebft.<\/p>\n<p class=\"ds-markdown-paragraph\" style=\"padding-left: 40px;\"><strong>\u2705  C\u00f4ng su\u1ea5t &amp; amp; \u0110\u1ed9 b\u1ec1n:<\/strong>\u00a0H\u1ed7 tr\u1ee3 s\u1eed d\u1ee5ng r\u1ed9ng r\u00e3i tr\u00ean m\u1ed9t s\u1ea1c duy nh\u1ea5t; \u0111\u01b0\u1ee3c x\u00e2y d\u1ef1ng v\u1edbi m\u1ed9t nh\u00e0 \u1edf b\u1ec1n v\u00e0 v\u1eadt li\u1ec7u ch\u1ed1ng \u0103n m\u00f2n c\u1ea5p th\u1ef1c ph\u1ea9m \/ n\u1ed9i b\u1ed9.<\/p>\n<p class=\"ds-markdown-paragraph\" style=\"padding-left: 40px;\"><strong>\u2705  An to\u00e0n &amp; X\u00e1c minh:<\/strong>\u00a0Gi\u1ea3i ph\u00e1p \u0111\u01b0\u1ee3c th\u1eed nghi\u1ec7m trong ph\u00f2ng th\u00ed nghi\u1ec7m \u0111\u01b0\u1ee3c x\u00e1c minh kh\u00f4ng c\u00f3 kim lo\u1ea1i n\u1eb7ng \u0111\u01b0\u1ee3c ph\u00e1t hi\u1ec7n v\u00e0 kh\u00f4ng g\u00e2y k\u00edch th\u00edch.<\/p>\n<p>&nbsp;<\/p>\n<h2>S\u1eed d\u1ee5ng \u1edf \u0111\u00e2u<\/h2>\n<p style=\"padding-left: 40px;\"><strong><b>\u2705\u00a0\u00a0<\/b><\/strong>Ch\u0103m s\u00f3c nh\u00e0: \u0110\u1ec3 l\u00e0m s\u1ea1ch v\u00e0 l\u00e0m t\u01b0\u01a1i b\u1ec1 m\u1eb7t nh\u01b0 b\u00e0n, s\u00e0n v\u00e0 \u0111\u1ed3 n\u1ed9i th\u1ea5t.<\/p>\n<p style=\"padding-left: 40px;\"><strong><b>\u2705\u00a0\u00a0<\/b><\/strong>V\u1ea3i &amp; amp; Ch\u0103m s\u00f3c v\u1eadt ph\u1ea9m c\u00e1 nh\u00e2n: Gi\u00fap gi\u1ea3m m\u00f9i v\u00e0 l\u00e0m m\u1edbi v\u1ea3i tr\u00ean qu\u1ea7n \u00e1o, kh\u0103n v\u00e0 ph\u1ee5 ki\u1ec7n c\u00e1 nh\u00e2n.<\/p>\n<p style=\"padding-left: 40px;\"><strong><b>\u2705\u00a0\u00a0<\/b><\/strong>Ch\u0103m s\u00f3c v\u1eadt nu\u00f4i: \u0110\u1ec3 l\u00e0m s\u1ea1ch v\u00e0 kh\u1eed m\u00f9i gi\u01b0\u1eddng v\u1eadt nu\u00f4i, \u0111\u1ed3 ch\u01a1i v\u00e0 khu v\u1ef1c cho \u0103n.<\/p>\n<p style=\"padding-left: 40px;\"><strong><b>\u2705\u00a0\u00a0<\/b><\/strong>V\u1ec7 sinh c\u00e1 nh\u00e2n: \u0110\u1ec3 l\u00e0m s\u1ea1ch nh\u1eb9 nh\u00e0ng c\u00e1c v\u1eadt d\u1ee5ng c\u00e1 nh\u00e2n kh\u00f4ng x\u00e2m l\u1ea5n nh\u01b0 ch\u1ea3i, b\u00e0n ch\u1ea3i t\u00f3c v\u00e0 ph\u1ee5 ki\u1ec7n phi \u0111i\u1ec7n t\u1eed.<\/p>\n<p style=\"padding-left: 40px;\"><strong><b>\u2705\u00a0\u00a0<\/b><\/strong>Ph\u00f2ng t\u1eadp th\u1ec3 d\u1ee5c &amp; Kh\u00f4ng gian c\u00f4ng c\u1ed9ng: \u0110\u1ec3 lau xu\u1ed1ng c\u00e1c b\u1ec1 m\u1eb7t ti\u1ebfp x\u00fac cao nh\u01b0 thi\u1ebft b\u1ecb t\u1eadp th\u1ec3 d\u1ee5c v\u00e0 b\u00e0n chia s\u1ebb.<\/p>\n<p>&nbsp;<\/p>\n<h2>N\u01b0\u1edbc l\u00e0m gi\u00e0u ion b\u1ea1c \u0111i\u1ec7n ph\u00e2n l\u00e0 g\u00ec<\/h2>\n<p class=\"ds-markdown-paragraph\">N\u01b0\u1edbc gi\u00e0u ion b\u1ea1c \u0111i\u1ec7n ph\u00e2n l\u00e0 m\u1ed9t ch\u1ea5t l\u1ecfng r\u00f5 r\u00e0ng, kh\u00f4ng m\u00f9i \u0111\u01b0\u1ee3c s\u1ea3n xu\u1ea5t b\u1eb1ng c\u00e1ch truy\u1ec1n m\u1ed9t d\u00f2ng \u0111i\u1ec7n \u0111i\u1ec7n \u0111i\u1ec7n \u00e1p th\u1ea5p qua n\u01b0\u1edbc b\u1eb1ng c\u00e1ch s\u1eed d\u1ee5ng m\u1ed9t \u0111i\u1ec7n c\u1ef1c b\u1ea1c tinh khi\u1ebft. Qu\u00e1 tr\u00ecnh n\u00e0y, \u0111\u01b0\u1ee3c g\u1ecdi l\u00e0 \u0111i\u1ec7n ph\u00e2n, gi\u1ea3i ph\u00f3ng c\u00e1c ion b\u1ea1c \u1ed5n \u0111\u1ecbnh (Ag \u207a)  v\u00e0o n\u01b0\u1edbc.<\/p>\n<p class=\"ds-markdown-paragraph\">Gi\u1ea3i ph\u00e1p k\u1ebft qu\u1ea3 \u0111\u01b0\u1ee3c \u0111\u00e1nh gi\u00e1 cao v\u00ec vai tr\u00f2 c\u1ee7a n\u00f3 trong vi\u1ec7c h\u1ed7 tr\u1ee3\u00a0<em>v\u1ec7 sinh h\u00e0ng ng\u00e0y v\u00e0 s\u1ea1ch s\u1ebd b\u1ec1 m\u1eb7t<\/em>. Th\u1eed nghi\u1ec7m ph\u00f2ng th\u00ed nghi\u1ec7m \u0111\u1ed9c l\u1eadp \u0111\u00e3 t\u1eadp trung v\u00e0o h\u1ed3 s\u01a1 an to\u00e0n v\u00e0 ti\u1ec7n \u00edch ch\u1ee9c n\u0103ng c\u1ee7a n\u00f3, x\u00e1c minh hi\u1ec7u qu\u1ea3 c\u1ee7a n\u00f3 trong <em>ch\u1ed1ng l\u1ea1i c\u00e1c h\u1ee3p ch\u1ea5t g\u00e2y m\u00f9i ph\u1ed5 bi\u1ebfn<\/em> v\u00e0 x\u00e1c nh\u1eadn n\u00f3 <em>kh\u00f4ng ch\u1ee9a kim lo\u1ea1i n\u1eb7ng \u0111\u01b0\u1ee3c ph\u00e1t hi\u1ec7n v\u00e0 kh\u00f4ng g\u00e2y k\u00edch th\u00edch<\/em>. Trong vi\u1ec7c s\u1eed d\u1ee5ng h\u00e0ng ng\u00e0y, ch\u1ee9c n\u0103ng c\u1ee7a n\u00f3 l\u00e0\u00a0<em>gi\u00fap gi\u1ea3i quy\u1ebft c\u00e1c ngu\u1ed3n h\u1eefu c\u01a1 c\u00f3 th\u1ec3 d\u1eabn \u0111\u1ebfn m\u00f9i<\/em>do \u0111\u00f3 \u0111\u00f3ng g\u00f3p cho m\u1ed9t m\u00f4i tr\u01b0\u1eddng t\u01b0\u01a1i m\u1edbi h\u01a1n.<\/p>\n<p class=\"ds-markdown-paragraph\">M\u1ed9t l\u1ee3i th\u1ebf ch\u00ednh c\u1ee7a gi\u1ea3i ph\u00e1p n\u00e0y l\u00e0 t\u00ednh t\u01b0\u01a1ng th\u00edch \u0111\u1eb7c bi\u1ec7t v\u00e0 b\u1ea3n ch\u1ea5t nh\u1eb9 nh\u00e0ng c\u1ee7a n\u00f3. N\u00f3 r\u1eddi \u0111i <em>kh\u00f4ng c\u00f2n d\u01b0 h\u00f3a ch\u1ea5t<\/em>l\u00e0\u00a0<em>kh\u00f4ng k\u00edch th\u00edch<\/em>\u00a0cho da, an to\u00e0n \u0111\u1ec3 s\u1eed d\u1ee5ng xung quanh con ng\u01b0\u1eddi v\u00e0 v\u1eadt nu\u00f4i, nh\u1eb9 nh\u00e0ng tr\u00ean h\u1ea7u h\u1ebft b\u1ec1 m\u1eb7t v\u00e0 th\u00e2n thi\u1ec7n v\u1edbi m\u00f4i tr\u01b0\u1eddng - cung c\u1ea5p m\u1ed9t s\u1ef1 thay th\u1ebf th\u1ef1c t\u1ebf cho ch\u1ea5t l\u00e0m s\u1ea1ch h\u00f3a ch\u1ea5t kh\u1eafc nghi\u1ec7t h\u01a1n, che m\u00f9i h\u01b0\u01a1ng.<\/p>\n<p class=\"ds-markdown-paragraph\">T\u00f3m l\u1ea1i, n\u01b0\u1edbc ion b\u1ea1c \u0111\u01b0\u1ee3c t\u1ea1o ra b\u1eb1ng \u0111i\u1ec7n ph\u00e2n l\u00e0 m\u1ed9t\u00a0<em>gi\u1ea3i ph\u00e1p hi\u1ec7n \u0111\u1ea1i, b\u1ec1n v\u1eefng \u0111\u1ec3 duy tr\u00ec s\u1ef1 s\u1ea1ch s\u1ebd v\u00e0 t\u01b0\u01a1i m\u1edbi h\u00e0ng ng\u00e0y<\/em>\u00a0trong nh\u00e0, v\u0103n ph\u00f2ng v\u00e0 kh\u00f4ng gian s\u1ed1ng kh\u00e1c nhau.<\/p>\n<p>&nbsp;<\/p>\n<figure id=\"attachment_3793\" aria-describedby=\"caption-attachment-3793\" style=\"width: 1200px\" class=\"wp-caption alignnone\"><img fetchpriority=\"high\" decoding=\"async\" class=\"wp-image-3793\" src=\"https:\/\/www.argentumix.com\/wp-content\/uploads\/2025\/07\/EN-\u64cd\u4f5c\u6307\u5357-e1758395186169.jpg\" alt=\"L\u00e0m th\u1ebf n\u00e0o \u0111\u1ec3 v\u1eadn h\u00e0nh YMK-1001 Silver lon Generator\" width=\"1200\" height=\"1063\" srcset=\"https:\/\/www.argentumix.com\/wp-content\/uploads\/2025\/07\/EN-\u64cd\u4f5c\u6307\u5357-e1758395186169.jpg 1400w, https:\/\/www.argentumix.com\/wp-content\/uploads\/2025\/07\/EN-\u64cd\u4f5c\u6307\u5357-e1758395186169-300x266.jpg 300w, https:\/\/www.argentumix.com\/wp-content\/uploads\/2025\/07\/EN-\u64cd\u4f5c\u6307\u5357-e1758395186169-1024x907.jpg 1024w, https:\/\/www.argentumix.com\/wp-content\/uploads\/2025\/07\/EN-\u64cd\u4f5c\u6307\u5357-e1758395186169-768x680.jpg 768w, https:\/\/www.argentumix.com\/wp-content\/uploads\/2025\/07\/EN-\u64cd\u4f5c\u6307\u5357-e1758395186169-600x531.jpg 600w\" sizes=\"(max-width: 1200px) 100vw, 1200px\" \/><figcaption id=\"caption-attachment-3793\" class=\"wp-caption-text\">l\u00e0m th\u1ebf n\u00e0o \u0111\u1ec3 v\u1eadn h\u00e0nh m\u00e1y ph\u00e1t ion b\u1ea1c YMK-1001 \u0111\u1ec3 c\u00f3 \u0111\u01b0\u1ee3c n\u01b0\u1edbc l\u00e0m gi\u00e0u ion b\u1ea1c \u0111\u1ec3 l\u00e0m s\u1ea1ch h\u00e0ng ng\u00e0y<\/figcaption><\/figure>\n<p>&nbsp;<\/p>\n<h2>M\u1ed7i ng\u00f4i nh\u00e0 x\u1ee9ng \u0111\u00e1ng \u0111\u01b0\u1ee3c ch\u0103m s\u00f3c nh\u1eb9 nh\u00e0ng<\/h2>\n<p>Kh\u00e1m ph\u00e1 l\u00e0m th\u1ebf n\u00e0o n\u01b0\u1edbc ion b\u1ea1c n\u00e0y, ch\u1ec9 \u0111\u01b0\u1ee3c ch\u1ebf t\u1ea1o t\u1eeb n\u01b0\u1edbc v\u00e0 d\u00f2ng ch\u1ea3y nh\u1eb9 nh\u00e0ng, cung c\u1ea5p m\u1ed9t lo\u1ea1i ch\u0103m s\u00f3c th\u00f4ng minh h\u01a1n cho b\u00e0n n\u1eafng, d\u1ec7t may qu\u00fd gi\u00e1 v\u00e0 m\u1ecdi g\u00f3c \u1edf gi\u1eefa - l\u00e0m vi\u1ec7c y\u00ean t\u0129nh \u0111\u1ec3 gi\u1ea3i quy\u1ebft ngu\u1ed3n m\u1ed1i quan t\u00e2m h\u00e0ng ng\u00e0y, kh\u00f4ng \u0111\u1ec3 l\u1ea1i g\u00ec ngo\u00e0i s\u1ef1 t\u01b0\u01a1i m\u1edbi.<\/p>\n<p><img decoding=\"async\" class=\"wp-image-3794 alignnone\" src=\"https:\/\/www.argentumix.com\/wp-content\/uploads\/2025\/07\/EN-\u5bb6\u5c45\u5e94\u7528-e1758359648911.jpg\" alt=\"S\u1eed d\u1ee5ng m\u00e1y ph\u00e1t ion b\u1ea1c YMK-1001 \u1edf \u0111\u00e2u\" width=\"1200\" height=\"1466\" srcset=\"https:\/\/www.argentumix.com\/wp-content\/uploads\/2025\/07\/EN-\u5bb6\u5c45\u5e94\u7528-e1758359648911.jpg 1400w, https:\/\/www.argentumix.com\/wp-content\/uploads\/2025\/07\/EN-\u5bb6\u5c45\u5e94\u7528-e1758359648911-246x300.jpg 246w, https:\/\/www.argentumix.com\/wp-content\/uploads\/2025\/07\/EN-\u5bb6\u5c45\u5e94\u7528-e1758359648911-838x1024.jpg 838w, https:\/\/www.argentumix.com\/wp-content\/uploads\/2025\/07\/EN-\u5bb6\u5c45\u5e94\u7528-e1758359648911-768x938.jpg 768w, https:\/\/www.argentumix.com\/wp-content\/uploads\/2025\/07\/EN-\u5bb6\u5c45\u5e94\u7528-e1758359648911-1258x1536.jpg 1258w, https:\/\/www.argentumix.com\/wp-content\/uploads\/2025\/07\/EN-\u5bb6\u5c45\u5e94\u7528-e1758359648911-600x733.jpg 600w\" sizes=\"(max-width: 1200px) 100vw, 1200px\" \/><\/p>\n<p>&nbsp;<\/p>\n<h2>B\u1ea3o h\u00e0nh<\/h2>\n<p>Ch\u00fang t\u00f4i \u0111\u1ee9ng v\u1eefng ch\u1eafc \u0111\u1eb1ng sau ch\u1ea5t l\u01b0\u1ee3ng c\u1ee7a m\u1ed7i \u0111\u01a1n v\u1ecb ARGENTUMIX. M\u1ed7i m\u00e1y ph\u00e1t \u0111i\u1ec7n tr\u1ea3i qua ki\u1ec3m tra nh\u00e0 m\u00e1y 100% \u0111\u1ec3 \u0111\u1ea3m b\u1ea3o s\u1ef1 \u1ed5n \u0111\u1ecbnh \u0111i\u1ec7n ph\u00e2n \u0111\u1eb7c bi\u1ec7t v\u00e0 \u0111\u1ed9 tin c\u1eady l\u00e2u d\u00e0i, h\u1ed7 tr\u1ee3 h\u01a1n 10.000 chu k\u1ef3 l\u00e0m s\u1ea1ch trong khi duy tr\u00ec hi\u1ec7u su\u1ea5t \u1ed5n \u0111\u1ecbnh, \u0111\u00e1ng tin c\u1eady.<\/p>\n<p style=\"padding-left: 40px;\">\u2705 \u0110\u01b0\u1ee3c h\u1ed7 tr\u1ee3 b\u1edfi b\u1ea3o h\u00e0nh gi\u1edbi h\u1ea1n 1 n\u0103m cho s\u1ef1 y\u00ean t\u00e2m c\u1ee7a b\u1ea1n.<\/p>\n<p style=\"padding-left: 40px;\">\u2705 \u0110\u01b0\u1ee3c x\u00e2y d\u1ef1ng b\u1eb1ng v\u1eadt li\u1ec7u m\u1ea1nh m\u1ebd v\u00e0 c\u00e1c th\u00e0nh ph\u1ea7n ch\u1ed1ng \u0103n m\u00f2n \u0111\u1ec3 s\u1eed d\u1ee5ng h\u00e0ng ng\u00e0y l\u00e2u d\u00e0i.<\/p>\n<p style=\"padding-left: 40px;\">\u2705 L\u1ef1a ch\u1ecdn ARGENTUMIX c\u00f3 ngh\u0129a l\u00e0 \u0111\u1ea7u t\u01b0 v\u00e0o m\u1ed9t l\u1ed1i s\u1ed1ng b\u1ec1n v\u1eefng, hi\u1ec7u qu\u1ea3 v\u1ec1 chi ph\u00ed v\u00e0 kh\u00f4ng c\u00f3 h\u00f3a ch\u1ea5t - cho m\u1ed9t ng\u00f4i nh\u00e0 v\u00e0 h\u00e0nh tinh l\u00e0nh m\u1ea1nh h\u01a1n.<\/p>\n<p>&nbsp;<\/p>\n<h2>T\u1eeb tr\u00e1ch nhi\u1ec7m<\/h2>\n<p>M\u00e1y ph\u00e1t ion b\u1ea1c ARGENTUMIX <em>l\u00e0 m\u1ed9t thi\u1ebft b\u1ecb l\u00e0m s\u1ea1ch gia \u0111\u00ecnh \u0111\u01b0\u1ee3c thi\u1ebft k\u1ebf \u0111\u1ec3 t\u1ea1o ra n\u01b0\u1edbc l\u00e0m gi\u00e0u ion b\u1ea1c \u0111\u1ec3 l\u00e0m s\u1ea1ch b\u1ed5 sung v\u00e0 ki\u1ec3m so\u00e1t m\u00f9i.\u00a0<\/em>S\u1ea3n ph\u1ea9m n\u00e0y l\u00e0\u00a0<em>kh\u00f4ng ph\u1ea3i l\u00e0 ch\u1ea5t kh\u1eed tr\u00f9ng, thu\u1ed1c kh\u1eed tr\u00f9ng, thu\u1ed1c, ho\u1eb7c s\u1ea3n ph\u1ea9m m\u1ef9 ph\u1ea9m<\/em><strong>.<\/strong>\u00a0N\u00f3 kh\u00f4ng c\u00f3 m\u1ee5c \u0111\u00edch ng\u0103n ng\u1eeba, \u0111i\u1ec1u tr\u1ecb, gi\u1ea3m b\u1edbt ho\u1eb7c ch\u1eefa tr\u1ecb b\u1ea5t k\u1ef3 b\u1ec7nh ho\u1eb7c t\u00ecnh tr\u1ea1ng s\u1ee9c kh\u1ecfe n\u00e0o. N\u00f3 \u0111\u01b0\u1ee3c thi\u1ebft k\u1ebf cho\u00a0<em>ch\u1ec9 c\u00f3 m\u1ee5c \u0111\u00edch l\u00e0m s\u1ea1ch chung, ph\u1ee5 tr\u1ee3<\/em><strong>.<\/strong>\u00a0T\u1ea5t c\u1ea3 c\u00e1c t\u00e0i li\u1ec7u tham kh\u1ea3o cho c\u00e1c k\u1ecbch b\u1ea3n s\u1eed d\u1ee5ng l\u00e0 m\u00f4 t\u1ea3 v\u1ec1 \u1ee9ng d\u1ee5ng v\u1eadt l\u00fd v\u00e0 kh\u00f4ng ph\u1ea3i c\u00e1c tuy\u00ean b\u1ed1 v\u1ec1 hi\u1ec7u qu\u1ea3.<\/p>\n<p>&nbsp;<\/p>\n<p>\u0110\u1ec3 bi\u1ebft th\u00eam th\u00f4ng tin ho\u1eb7c y\u00eau c\u1ea7u \u0111\u1ed1i t\u00e1c, vui l\u00f2ng li\u00ean h\u1ec7 v\u1edbi ch\u00fang t\u00f4i t\u1ea1i\u00a0<em><span style=\"color: #3366ff;\"><a style=\"color: #3366ff;\" href=\"mailto:info@argentumix.com\" target=\"_blank\" rel=\"noopener noreferrer\">info@argentumix.com<\/a><\/span><\/em>Ch\u00fang t\u00f4i mong mu\u1ed1n h\u1ed7 tr\u1ee3 b\u1ea1n.<\/p>","protected":false},"excerpt":{"rendered":"<h2><span style=\"font-size: 14pt;\"><strong>G\u1eb7p YMK-1001: Nh\u00e0 m\u00e1y n\u01b0\u1edbc b\u1ea1c-ion thu nh\u1ecf c\u1ee7a b\u1ea1n<\/strong><\/span><\/h2>\n<p><span style=\"font-size: 14pt;\"><em>1 Thi\u1ebft b\u1ecb n\u01b0\u1edbc v\u00f2i = N\u01b0\u1edbc l\u00e0m gi\u00e0u ion b\u1ea1c<\/em><\/span><\/p>\n<p><span style=\"font-size: 12pt;\">Thi\u1ebft b\u1ecb nh\u1ecf g\u1ecdn n\u00e0y s\u1eed d\u1ee5ng \u0111i\u1ec7n ph\u00e2n tinh khi\u1ebft \u0111\u1ec3 bi\u1ebfn n\u01b0\u1edbc th\u00e0nh dung d\u1ecbch l\u00e0m gi\u00e0u ion b\u1ea1c -<strong>kh\u00f4ng th\u00eam h\u00f3a ch\u1ea5t, kh\u00f4ng m\u00f9i, v\u00e0 kh\u00f4ng k\u00edch \u1ee9ng<\/strong>. N\u00f3 ho\u1ea1t \u0111\u1ed9ng \u1edf m\u1ee9c \u0111\u1ed9 ph\u00e2n t\u1eed \u0111\u1ec3 h\u1ea1n ch\u1ebf s\u1ef1 ph\u00e1t tri\u1ec3n c\u1ee7a vi khu\u1ea9n g\u00e2y m\u00f9i ngay t\u1ea1i ngu\u1ed3n, gi\u00fap ng\u0103n ng\u1eeba m\u00f9i tr\u01b0\u1edbc khi ch\u00fang b\u1eaft \u0111\u1ea7u.<\/span><\/p>\n<p><span style=\"font-size: 12pt;\">Thay \u0111\u1ed5i c\u00e1c chai nh\u1ef1a v\u00f4 t\u1eadn cho s\u1ef1 t\u01b0\u01a1i m\u1edbi l\u00e2u d\u00e0i v\u00e0 m\u1ed9t ng\u00f4i nh\u00e0 s\u1ea1ch s\u1ebd h\u01a1n. C\u00f3 th\u1ec3 t\u00e1i s\u1eed d\u1ee5ng, kinh t\u1ebf v\u00f4 c\u00f9ng, v\u00e0 \u0111\u01b0\u1ee3c cung c\u1ea5p b\u1eb1ng n\u01b0\u1edbc v\u00e0 m\u1ed9t d\u1ea5u v\u1ebft \u0111i\u1ec7n.  It&#8217; Ch\u0103m s\u00f3c tinh khi\u1ebft, th\u00f4ng minh v\u00e0 b\u1ec1n v\u1eefng - \u0111\u01b0\u1ee3c t\u01b0\u1edfng t\u01b0\u1ee3ng l\u1ea1i.<\/span><\/p>","protected":false},"featured_media":3790,"comment_status":"closed","ping_status":"closed","template":"","meta":[],"product_brand":[69],"product_cat":[15],"product_tag":[],"class_list":{"0":"post-1207","1":"product","2":"type-product","3":"status-publish","4":"has-post-thumbnail","6":"product_brand-argentumix","7":"product_cat-portable-series","9":"first","10":"instock","11":"shipping-taxable","12":"purchasable","13":"product-type-simple"},"_links":{"self":[{"href":"https:\/\/www.argentumix.com\/vi\/wp-json\/wp\/v2\/product\/1207","targetHints":{"allow":["GET"]}}],"collection":[{"href":"https:\/\/www.argentumix.com\/vi\/wp-json\/wp\/v2\/product"}],"about":[{"href":"https:\/\/www.argentumix.com\/vi\/wp-json\/wp\/v2\/types\/product"}],"replies":[{"embeddable":true,"href":"https:\/\/www.argentumix.com\/vi\/wp-json\/wp\/v2\/comments?post=1207"}],"wp:featuredmedia":[{"embeddable":true,"href":"https:\/\/www.argentumix.com\/vi\/wp-json\/wp\/v2\/media\/3790"}],"wp:attachment":[{"href":"https:\/\/www.argentumix.com\/vi\/wp-json\/wp\/v2\/media?parent=1207"}],"wp:term":[{"taxonomy":"product_brand","embeddable":true,"href":"https:\/\/www.argentumix.com\/vi\/wp-json\/wp\/v2\/product_brand?post=1207"},{"taxonomy":"product_cat","embeddable":true,"href":"https:\/\/www.argentumix.com\/vi\/wp-json\/wp\/v2\/product_cat?post=1207"},{"taxonomy":"product_tag","embeddable":true,"href":"https:\/\/www.argentumix.com\/vi\/wp-json\/wp\/v2\/product_tag?post=1207"}],"curies":[{"name":"wp","href":"https:\/\/api.w.org\/{rel}","templated":true}]}}