{"id":3470,"date":"2025-09-12T16:08:53","date_gmt":"2025-09-12T08:08:53","guid":{"rendered":"https:\/\/www.argentumix.com\/?post_type=product&#038;p=3470"},"modified":"2026-02-07T19:40:42","modified_gmt":"2026-02-07T11:40:42","slug":"ymk-2001-silver-ion-generating-system","status":"publish","type":"product","link":"https:\/\/www.argentumix.com\/vi\/product\/ymk-2001-silver-ion-generating-system\/","title":{"rendered":"H\u1ec7 th\u1ed1ng s\u1ea3n xu\u1ea5t n\u01b0\u1edbc ion b\u1ea1c t\u1ef1 \u0111\u1ed9ng YMK-2001"},"content":{"rendered":"<p>ARGENTUMIX YMK-2001 l\u00e0 m\u1ed9t thi\u1ebft b\u1ecb chuy\u00ean d\u1ee5ng t\u00edch h\u1ee3p li\u1ec1n m\u1ea1ch v\u00e0o \u0111\u01b0\u1eddng d\u00e2y n\u01b0\u1edbc c\u1ee7a b\u1ea1n, cung c\u1ea5p m\u1ed9t ngu\u1ed3n li\u00ean t\u1ee5c c\u1ee7a gi\u1ea3i ph\u00e1p l\u00e0m s\u1ea1ch kh\u00f4ng c\u00f3 h\u00f3a ch\u1ea5t. N\u00f3 bi\u1ebfn \u0111\u1ed5i n\u01b0\u1edbc v\u00f2i th\u00f4ng th\u01b0\u1eddng, ch\u1ec9 s\u1eed d\u1ee5ng \u0111i\u1ec7n t\u1ed1i thi\u1ec3u, th\u00e0nh ion b\u1ea1c (Ag). \u207a)  n\u01b0\u1edbc gi\u00e0u c\u00f3. Gi\u1ea3i ph\u00e1p n\u00e0y \u0111\u01b0\u1ee3c c\u00f4ng nh\u1eadn v\u00ec kh\u1ea3 n\u0103ng gi\u00fap h\u1ea1n ch\u1ebf s\u1ef1 ph\u00e1t tri\u1ec3n c\u1ee7a vi khu\u1ea9n li\u00ean quan \u0111\u1ebfn m\u00f9i, trong khi v\u1eabn kh\u00f4ng g\u00e2y k\u00edch th\u00edch, th\u00e2n thi\u1ec7n v\u1edbi b\u1ec1 m\u1eb7t v\u00e0 an to\u00e0n cho c\u1ea3 con ng\u01b0\u1eddi v\u00e0 v\u1eadt nu\u00f4i.<\/p>\n<p>\u0110\u01b0\u1ee3c thi\u1ebft k\u1ebf cho c\u00e1c kh\u00f4ng gian n\u01a1i s\u1ef1 s\u1ea1ch s\u1ebd l\u00e0 \u01b0u ti\u00ean th\u01b0\u1eddng xuy\u00ean, YMK-2001 ho\u00e0n h\u1ea3o ph\u00f9 h\u1ee3p v\u1edbi c\u00e1c ng\u00f4i nh\u00e0 b\u1eadn r\u1ed9n, v\u0103n ph\u00f2ng chuy\u00ean nghi\u1ec7p, nh\u00e0 h\u00e0ng, qu\u00e1n c\u00e0 ph\u00ea, ti\u1ec7m, ph\u00f2ng t\u1eadp th\u1ec3 d\u1ee5c ho\u1eb7c c\u01a1 s\u1edf ch\u0103m s\u00f3c v\u1eadt nu\u00f4i. N\u00f3 cung c\u1ea5p n\u01b0\u1edbc \u0111\u00e1ng tin c\u1eady \u0111\u1ec3 lau xu\u1ed1ng qu\u1ea7y, thi\u1ebft b\u1ecb v\u00e0 b\u1ec1 m\u1eb7t c\u1ea3m \u1ee9ng cao, v\u00e0 ho\u1ea1t \u0111\u1ed9ng \u0111\u1ec3 trung l\u1eadp m\u00f9i h\u01b0\u01a1ng h\u00e0ng ng\u00e0y t\u1ea1i ngu\u1ed3n c\u1ee7a ch\u00fang - m\u00e0 kh\u00f4ng d\u1ef1a v\u00e0o h\u00f3a ch\u1ea5t kh\u1eafc nghi\u1ec7t ho\u1eb7c \u0111\u1ec3 l\u1ea1i m\u00f9i th\u01a1m n\u01b0\u1edbc hoa.<\/p>\n<p>M\u1ed9t l\u1ee3i th\u1ebf ch\u00ednh l\u00e0 l\u1ecdc n\u01b0\u1edbc t\u00edch h\u1ee3p c\u1ee7a n\u00f3. H\u1ec7 th\u1ed1ng RO t\u00edch h\u1ee3p n\u00e0y \u0111\u1ea3m b\u1ea3o s\u1ea3n xu\u1ea5t ion b\u1ea1c ch\u1ea5t l\u01b0\u1ee3ng cao nh\u1ea5t qu\u00e1n b\u1ea5t k\u1ec3 s\u1ef1 bi\u1ebfn \u0111\u1ed5i ch\u1ea5t l\u01b0\u1ee3ng n\u01b0\u1edbc khu v\u1ef1c. L\u1eafp \u0111\u1eb7t r\u1ea5t \u0111\u01a1n gi\u1ea3n: ch\u1ec9 c\u1ea7n k\u1ebft n\u1ed1i v\u1edbi \u0111\u01b0\u1eddng d\u00e2y n\u01b0\u1edbc l\u1ea1nh v\u00e0 \u1ed5 c\u1eafm \u0111i\u1ec7n. M\u1ed9t khi thi\u1ebft l\u1eadp, n\u00f3 t\u1ef1 \u0111\u1ed9ng s\u1ea3n xu\u1ea5t v\u00e0 l\u01b0u tr\u1eef m\u1ed9t kh\u1ed1i l\u01b0\u1ee3ng l\u1edbn dung d\u1ecbch, lo\u1ea1i b\u1ecf nhu c\u1ea7u chu\u1ea9n b\u1ecb th\u1ee7 c\u00f4ng. \u0110i\u1ec1u n\u00e0y c\u00f3 ngh\u0129a l\u00e0 ti\u1ec7n l\u1ee3i \u0111\u00e1ng k\u1ec3 cho vi\u1ec7c s\u1eed d\u1ee5ng th\u01b0\u1eddng xuy\u00ean v\u00e0 chi ph\u00ed \u0111\u1eb7c bi\u1ec7t th\u1ea5p m\u1ed7i l\u00edt.<\/p>\n<p>Gi\u1ea3i ph\u00e1p&#8217; Ch\u1ee9c n\u0103ng c\u1ed1t l\u00f5i v\u00e0 an to\u00e0n \u0111\u01b0\u1ee3c h\u1ed7 tr\u1ee3 b\u1edfi th\u1eed nghi\u1ec7m ph\u00f2ng th\u00ed nghi\u1ec7m \u0111\u1ed9c l\u1eadp, \u0111\u00e3 x\u00e1c minh hi\u1ec7u qu\u1ea3 c\u1ee7a n\u00f3 ch\u1ed1ng l\u1ea1i c\u00e1c h\u1ee3p ch\u1ea5t g\u00e2y m\u00f9i ph\u1ed5 bi\u1ebfn nh\u01b0 amoniac v\u00e0 s\u1ef1 t\u1ef1 do c\u1ee7a n\u00f3 kh\u1ecfi kim lo\u1ea1i n\u1eb7ng.<\/p>\n<p>B\u1eb1ng c\u00e1ch ch\u1ecdn YMK-2001, b\u1ea1n ch\u1ecdn m\u1ed9t h\u1ec7 th\u1ed1ng b\u1ea3o tr\u00ec b\u1ec1n v\u1eefng, th\u1ea5p thay th\u1ebf chai nh\u1ef1a s\u1eed d\u1ee5ng m\u1ed9t l\u1ea7n v\u00e0 ch\u1ea5t l\u00e0m s\u1ea1ch th\u01b0\u01a1ng m\u1ea1i, cung c\u1ea5p m\u1ed9t ngu\u1ed3n cung c\u1ea5p gi\u1ea3i ph\u00e1p l\u00e0m s\u1ea1ch nh\u1eb9 nh\u00e0ng lu\u00f4n s\u1eb5n s\u00e0ng ngay t\u1eeb v\u00f2i c\u1ee7a b\u1ea1n.<\/p>\n<p>&nbsp;<\/p>\n<h2><span style=\"font-size: 18pt;\">Th\u00f4ng s\u1ed1 s\u1ea3n ph\u1ea9m<\/span><\/h2>\n<table style=\"height: 441px; width: 68%;\">\n<tbody>\n<tr style=\"height: 56px;\">\n<td style=\"width: 19.556%; height: 56px;\" width=\"152\"><strong><b>T\u00ean s\u1ea3n ph\u1ea9m<\/b><\/strong><\/td>\n<td style=\"width: 151.317%; height: 56px;\" colspan=\"3\" width=\"458\">H\u1ec7 th\u1ed1ng s\u1ea3n xu\u1ea5t n\u01b0\u1edbc ion b\u1ea1c t\u1ef1 \u0111\u1ed9ng<\/td>\n<\/tr>\n<tr style=\"height: 56px;\">\n<td style=\"width: 19.556%; height: 56px;\" width=\"152\"><strong><b>M\u00f4 h\u00ecnh<\/b><\/strong><\/td>\n<td style=\"width: 31.2044%; height: 56px;\" width=\"152\">YMK-2001<\/td>\n<td style=\"width: 20.6872%; height: 56px;\" width=\"152\"><strong><b>M\u00e0u s\u1eafc<\/b><\/strong><\/td>\n<td style=\"width: 99.4253%; height: 56px;\" width=\"152\">tr\u1eafng;<\/td>\n<\/tr>\n<tr style=\"height: 56px;\">\n<td style=\"width: 19.556%; height: 56px;\" width=\"152\"><strong><b>K\u00edch th\u01b0\u1edbc<\/b><\/strong><\/td>\n<td style=\"width: 31.2044%; height: 56px;\" width=\"152\">460*320*520mm<\/td>\n<td style=\"width: 20.6872%; height: 56px;\" width=\"152\"><strong><b>C\u00f4ng su\u1ea5t l\u01b0u tr\u1eef<\/b><\/strong><\/td>\n<td style=\"width: 99.4253%; height: 56px;\" width=\"152\">10L<\/td>\n<\/tr>\n<tr style=\"height: 56px;\">\n<td style=\"width: 19.556%; height: 56px;\" width=\"152\"><strong><b>V\u1eadt li\u1ec7u<\/b><\/strong><\/td>\n<td style=\"width: 31.2044%; height: 56px;\" width=\"152\">V\u1ecf ngo\u00e0i s\u1eaft; B\u1ec3 n\u01b0\u1edbc PE<\/td>\n<td style=\"width: 20.6872%; height: 56px;\" width=\"152\"><strong><b>\u0110i\u1ec7n \u00e1p ho\u1ea1t \u0111\u1ed9ng<\/b><\/strong><\/td>\n<td style=\"width: 99.4253%; height: 56px;\" width=\"152\">220V \/ 50Hz;  110V\/50Hz;<\/td>\n<\/tr>\n<tr style=\"height: 56px;\">\n<td style=\"width: 19.556%; height: 56px;\" width=\"152\"><strong><b>\u0110i\u1ec7n \u00e1p \u00e1p d\u1ee5ng<\/b><\/strong><\/td>\n<td style=\"width: 31.2044%; height: 56px;\" width=\"152\">12V \/ 3A<\/td>\n<td style=\"width: 20.6872%; height: 56px;\" width=\"152\"><strong><b>C\u00f4ng su\u1ea5t \u0111\u1ecbnh m\u1ee9c<\/b><\/strong><\/td>\n<td style=\"width: 99.4253%; height: 56px;\" width=\"152\">19W<\/td>\n<\/tr>\n<tr style=\"height: 56px;\">\n<td style=\"width: 19.556%; height: 56px;\" width=\"152\"><strong><b>Th\u1eddi gian ho\u1ea1t \u0111\u1ed9ng<\/b><\/strong><\/td>\n<td style=\"width: 31.2044%; height: 56px;\" width=\"152\">4 gi\u1edd<\/td>\n<td style=\"width: 20.6872%; height: 56px;\" width=\"152\"><strong><b>\u00c1p su\u1ea5t n\u01b0\u1edbc \u00e1p d\u1ee5ng<\/b><\/strong><\/td>\n<td style=\"width: 99.4253%; height: 56px;\" width=\"152\">0.1-0.4Mpa<\/td>\n<\/tr>\n<tr style=\"height: 56px;\">\n<td style=\"width: 19.556%; height: 56px;\"><strong><b>V\u1eadt ti\u00eau th\u1ee5\u00a0<\/b><\/strong><\/td>\n<td style=\"width: 31.2044%; height: 56px;\">M\u00e0ng RO; \u0110i\u1ec7n c\u1ef1c b\u1ea1c<\/td>\n<td style=\"width: 20.6872%; height: 56px;\"><strong><b>Ngu\u1ed3n n\u01b0\u1edbc<\/b><\/strong><\/td>\n<td style=\"width: 99.4253%; height: 56px;\">N\u01b0\u1edbc v\u00f2i<\/td>\n<\/tr>\n<tr style=\"height: 49px;\">\n<td style=\"width: 19.556%; height: 49px; text-align: center;\" colspan=\"4\"><em><span style=\"font-size: 14pt;\">T\u00f9y ch\u1ec9nh c\u00f3 s\u1eb5n \u0111\u1ec3 \u0111\u00e1p \u1ee9ng y\u00eau c\u1ea7u kh\u00e1ch h\u00e0ng c\u1ee5 th\u1ec3 ho\u1eb7c ti\u00eau chu\u1ea9n khu v\u1ef1c.<\/span><\/em><\/td>\n<\/tr>\n<\/tbody>\n<\/table>\n<p>&nbsp;<\/p>\n<p class=\"ds-markdown-paragraph\">YMK-2001 \u0111\u1ea1i di\u1ec7n cho m\u1ed9t ti\u1ebfn b\u1ed9 \u0111\u00e1ng k\u1ec3 trong c\u00f4ng ngh\u1ec7 l\u00e0m s\u1ea1ch kh\u00f4ng c\u00f3 h\u00f3a ch\u1ea5t t\u1ea1i ch\u1ed7. H\u1ec7 th\u1ed1ng t\u00edch h\u1ee3p ho\u00e0n to\u00e0n t\u1ef1 \u0111\u1ed9ng n\u00e0y \u0111\u01b0\u1ee3c thi\u1ebft k\u1ebf \u0111\u1ec3 ho\u1ea1t \u0111\u1ed9ng li\u00ean t\u1ee5c, d\u1ec5 d\u00e0ng. N\u00f3 k\u1ebft n\u1ed1i tr\u1ef1c ti\u1ebfp v\u1edbi \u0111\u01b0\u1eddng d\u00e2y n\u01b0\u1edbc hi\u1ec7n c\u00f3 c\u1ee7a b\u1ea1n, s\u1ea3n xu\u1ea5t n\u01b0\u1edbc l\u00e0m gi\u00e0u ion b\u1ea1c theo y\u00eau c\u1ea7u v\u00e0 ph\u00e2n ph\u1ed1i n\u00f3 cho v\u00f2i n\u01b0\u1edbc ho\u1eb7c \u1ed5 c\u1eafm chuy\u00ean d\u1ee5ng.<\/p>\n<p class=\"ds-markdown-paragraph\">H\u1ec7 th\u1ed1ng cung c\u1ea5p qu\u1ea3n l\u00fd th\u00f4ng minh, t\u1ef1 \u0111\u1ed9ng. Sau khi c\u1ea5u h\u00ecnh, n\u00f3 gi\u00e1m s\u00e1t vi\u1ec7c s\u1eed d\u1ee5ng v\u00e0 t\u1ef1 \u0111\u1ed9ng b\u1ed5 sung ngu\u1ed3n cung c\u1ea5p d\u1ef1a tr\u00ean ti\u00eau th\u1ee5, \u0111\u1ea3m b\u1ea3o ngu\u1ed3n cung c\u1ea5p nh\u1ea5t qu\u00e1n m\u00e0 kh\u00f4ng c\u1ea7n can thi\u1ec7p th\u1ee7 c\u00f4ng.<\/p>\n<p class=\"ds-markdown-paragraph\">\u0110\u01b0\u1ee3c thi\u1ebft k\u1ebf cho \u0111\u1ed9 tin c\u1eady v\u00e0 \u0111\u01b0\u1ee3c thi\u1ebft k\u1ebf \u0111\u1ec3 t\u00edch h\u1ee3p, YMK-2001 l\u00e0 gi\u1ea3i ph\u00e1p l\u00fd t\u01b0\u1edfng cho nh\u00e0, v\u0103n ph\u00f2ng, ph\u00f2ng kh\u00e1m ho\u1eb7c b\u1ea5t k\u1ef3 m\u00f4i tr\u01b0\u1eddng n\u00e0o t\u00ecm ki\u1ebfm m\u1ed9t c\u00e1ch ti\u1ebfp c\u1eadn b\u1ec1n v\u1eefng, t\u1ef1 \u0111\u1ed9ng \u0111\u1ec3 l\u00e0m s\u1ea1ch v\u00e0 t\u01b0\u01a1i t\u1ef1 nhi\u00ean.<\/p>\n<p>&nbsp;<\/p>\n<h2 class=\"ds-markdown-paragraph\"><strong>Ho\u1ea1t \u0111\u1ed9ng s\u1ea3n ph\u1ea9m<\/strong><\/h2>\n<p class=\"ds-markdown-paragraph\">H\u1ec7 th\u1ed1ng ho\u00e0n to\u00e0n t\u1ef1 \u0111\u1ed9ng n\u00e0y \u0111\u01b0\u1ee3c thi\u1ebft k\u1ebf \u0111\u1ec3 t\u00edch h\u1ee3p li\u1ec1n m\u1ea1ch v\u00e0o \u0111\u01b0\u1eddng d\u00e2y n\u01b0\u1edbc c\u1ee7a b\u1ea1n. K\u1ebft n\u1ed1i\u00a0<em>\u0111\u1ea7u v\u00e0o n\u01b0\u1edbc th\u00f4\u00a0<\/em>cho ngu\u1ed3n cung c\u1ea5p v\u00f2i c\u1ee7a b\u1ea1n. C\u00e1c\u00a0<em>\u1ed5 c\u1eafm n\u01b0\u1edbc l\u00e0m gi\u00e0u ion b\u1ea1c\u00a0<\/em>c\u00f3 th\u1ec3 \u0111\u01b0\u1ee3c li\u00ean k\u1ebft tr\u1ef1c ti\u1ebfp v\u1edbi v\u00f2i n\u01b0\u1edbc ho\u1eb7c \u0111\u1ea7u t\u1eafm \u0111\u1ec3 s\u1eed d\u1ee5ng ngay l\u1eadp t\u1ee9c, trong khi\u00a0<em>n\u01b0\u1edbc tho\u00e1t n\u01b0\u1edbc (s\u1ea3n ph\u1ea9m ph\u1ee5 l\u1ecdc RO)\u00a0<\/em>th\u00edch h\u1ee3p cho c\u00e1c nhi\u1ec7m v\u1ee5 l\u00e0m s\u1ea1ch chung.<\/p>\n<p class=\"ds-markdown-paragraph\">M\u1ed9t khi \u0111\u01b0\u1ee3c b\u1eadt, ch\u1ec9 c\u1ea7n nh\u1ea5n\u00a0<em>B\u1eaft \u0111\u1ea7u<\/em>\u00a0n\u00fat \u0111\u1ec3 b\u1eaft \u0111\u1ea7u chu k\u1ef3 s\u1ea3n xu\u1ea5t ho\u00e0n to\u00e0n t\u1ef1 \u0111\u1ed9ng. \u0110\u01a1n v\u1ecb c\u00f3 h\u1ec7 th\u1ed1ng b\u1ed5 sung t\u1ef1 \u0111\u1ed9ng th\u00f4ng minh: n\u1ebfu m\u1ee9c n\u01b0\u1edbc ion b\u1ea1c gi\u1ea3m xu\u1ed1ng 50%, n\u00f3 s\u1ebd t\u1ef1 \u0111\u1ed9ng kh\u1edfi \u0111\u1ed9ng l\u1ea1i s\u1ea3n xu\u1ea5t trong v\u00f2ng 2 gi\u1edd. N\u1ebfu b\u1ec3 \u0111\u01b0\u1ee3c c\u1ea1n ki\u1ec7t ho\u00e0n to\u00e0n (0%), n\u00f3 s\u1ebd b\u1eaft \u0111\u1ea7u m\u1ed9t chu k\u1ef3 s\u1ea3n xu\u1ea5t ho\u00e0n ch\u1ec9nh 4 gi\u1edd.<\/p>\n<p class=\"ds-markdown-paragraph\">Trong tr\u01b0\u1eddng h\u1ee3p c\u00f3 c\u1ea3nh b\u00e1o, m\u00e0n h\u00ecnh hi\u1ec3n th\u1ecb s\u1ebd ch\u1ec9 ra nguy\u00ean nh\u00e2n. Th\u00f4ng th\u01b0\u1eddng, nh\u1ea5n\u00a0<em>\u0110\u1eb7t l\u1ea1i<\/em>\u00a0n\u00fat s\u1ebd gi\u1ea3i quy\u1ebft v\u1ea5n \u0111\u1ec1 v\u00e0 kh\u00f4i ph\u1ee5c ho\u1ea1t \u0111\u1ed9ng b\u00ecnh th\u01b0\u1eddng.<\/p>\n<p>&nbsp;<\/p>\n<h2>L\u1ee3i \u00edch ch\u00ednh<\/h2>\n<p style=\"padding-left: 40px;\">\u2705 <strong>Lu\u00f4n s\u1eb5n s\u00e0ng, ho\u00e0n to\u00e0n t\u1ef1 \u0111\u1ed9ng:<\/strong> M\u1ed9t thi\u1ebft b\u1ecb k\u1ebft n\u1ed1i t\u00edch h\u1ee3p v\u00e0o \u0111\u01b0\u1eddng d\u00e2y n\u01b0\u1edbc c\u1ee7a b\u1ea1n, t\u1ef1 \u0111\u1ed9ng s\u1ea3n xu\u1ea5t v\u00e0 l\u01b0u tr\u1eef m\u1ed9t kh\u1ed1i l\u01b0\u1ee3ng l\u1edbn dung d\u1ecbch ion b\u1ea1c. N\u00f3 theo d\u00f5i m\u1ee9c \u0111\u1ed9 m\u1ed9t c\u00e1ch th\u00f4ng minh v\u00e0 t\u1ef1 b\u1ed5 sung, \u0111\u1ea3m b\u1ea3o m\u1ed9t ngu\u1ed3n cung c\u1ea5p nh\u1ea5t qu\u00e1n m\u00e0 kh\u00f4ng c\u1ea7n n\u1ed7 l\u1ef1c th\u1ee7 c\u00f4ng.<\/p>\n<p style=\"padding-left: 40px;\">\u2705<strong> Ch\u1ea5t l\u01b0\u1ee3ng nh\u1ea5t qu\u00e1n v\u1edbi l\u1ecdc t\u00edch h\u1ee3p:<\/strong> T\u00ednh n\u0103ng m\u1ed9t h\u1ec7 th\u1ed1ng RO t\u00edch h\u1ee3p l\u00e0m s\u1ea1ch n\u01b0\u1edbc v\u00f2i \u0111\u1ebfn, \u0111\u1ea3m b\u1ea3o s\u1ea3n xu\u1ea5t ion b\u1ea1c ch\u1ea5t l\u01b0\u1ee3ng cao v\u00e0 nh\u1ea5t qu\u00e1n b\u1ea5t k\u1ec3 \u0111\u1ed9 c\u1ee9ng ho\u1eb7c bi\u1ebfn th\u1ec3 n\u01b0\u1edbc khu v\u1ef1c.<\/p>\n<p style=\"padding-left: 40px;\">\u2705<strong> \u0110\u01b0\u1ee3c thi\u1ebft k\u1ebf \u0111\u1ec3 s\u1eed d\u1ee5ng kh\u1ed1i l\u01b0\u1ee3ng cao:<\/strong> Cung c\u1ea5p m\u1ed9t ngu\u1ed3n gi\u1ea3i ph\u00e1p li\u00ean t\u1ee5c, theo y\u00eau c\u1ea7u cho c\u00e1c m\u00f4i tr\u01b0\u1eddng c\u00f3 nhu c\u1ea7u l\u00e0m s\u1ea1ch th\u01b0\u1eddng xuy\u00ean, lo\u1ea1i b\u1ecf th\u1eddi gian ch\u1edd \u0111\u1ee3i li\u00ean quan \u0111\u1ebfn s\u1ea3n xu\u1ea5t l\u00f4.<\/p>\n<p style=\"padding-left: 40px;\">\u2705<strong> Thu\u1eadn ti\u1ec7n \u0111\u1eb7c bi\u1ec7t &amp; Chi ph\u00ed ho\u1ea1t \u0111\u1ed9ng th\u1ea5p: <\/strong>M\u1ed9t khi c\u00e0i \u0111\u1eb7t, n\u00f3 \u0111\u00f2i h\u1ecfi s\u1ef1 can thi\u1ec7p t\u1ed1i thi\u1ec3u. Ch\u1ec9 s\u1eed d\u1ee5ng n\u01b0\u1edbc v\u00f2i v\u00e0 \u0111i\u1ec7n t\u1ed1i thi\u1ec3u, n\u00f3 cung c\u1ea5p m\u1ed9t chi ph\u00ed \u0111\u1eb7c bi\u1ec7t th\u1ea5p cho m\u1ed7i l\u00edt dung d\u1ecbch \u0111\u01b0\u1ee3c chu\u1ea9n b\u1ecb.<\/p>\n<p style=\"padding-left: 40px;\">\u2705<strong> Nh\u1eb9 nh\u00e0ng, x\u00e1c minh &amp; B\u1ec1n v\u1eefng:<\/strong> S\u1ea3n xu\u1ea5t m\u1ed9t gi\u1ea3i ph\u00e1p kh\u00f4ng g\u00e2y k\u00edch th\u00edch, kh\u00f4ng c\u00f3 d\u01b0 l\u01b0\u1ee3ng an to\u00e0n cho b\u1ec1 m\u1eb7t, con ng\u01b0\u1eddi v\u00e0 v\u1eadt nu\u00f4i. \u0110\u01b0\u1ee3c ki\u1ec3m tra b\u1edfi c\u00e1c ph\u00f2ng th\u00ed nghi\u1ec7m \u0111\u1ed9c l\u1eadp ch\u1ed1ng l\u1ea1i c\u00e1c h\u1ee3p ch\u1ea5t g\u00e2y m\u00f9i v\u00e0 kim lo\u1ea1i n\u1eb7ng. Gi\u1ea3m s\u1ef1 ph\u1ee5 thu\u1ed9c v\u00e0o chai nh\u1ef1a s\u1eed d\u1ee5ng m\u1ed9t l\u1ea7n v\u00e0 ch\u1ea5t l\u00e0m s\u1ea1ch h\u00f3a ch\u1ea5t kh\u1eafc nghi\u1ec7t.<\/p>\n<p>&nbsp;<\/p>\n<h2>Th\u00f4ng s\u1ed1 k\u1ef9 thu\u1eadt<\/h2>\n<p class=\"ds-markdown-paragraph\" style=\"padding-left: 40px;\">\u2705  M\u00f4 h\u00ecnh: H\u1ec7 th\u1ed1ng t\u1ea1o n\u01b0\u1edbc ion b\u1ea1c t\u1ef1 \u0111\u1ed9ng YMK-2001.<\/p>\n<p class=\"ds-markdown-paragraph\" style=\"padding-left: 40px;\">\u2705  C\u00f4ng ngh\u1ec7 c\u1ed1t l\u00f5i: \u0110i\u1ec7n ph\u00e2n vi d\u00f2ng v\u1edbi \u0111i\u1ec7n c\u1ef1c b\u1ea1c tinh khi\u1ebft; L\u1ecdc tr\u01b0\u1edbc th\u1ea9m th\u1ea5u ng\u01b0\u1ee3c t\u00edch h\u1ee3p (RO).<\/p>\n<p class=\"ds-markdown-paragraph\" style=\"padding-left: 40px;\">\u2705  Logic s\u1ea3n xu\u1ea5t: T\u1ef1 \u0111\u1ed9ng b\u1ed5 sung \u1edf m\u1ee9c b\u1ec3 50% (chu k\u1ef3 2 gi\u1edd) ho\u1eb7c 0% (chu k\u1ef3 4 gi\u1edd).<\/p>\n<p class=\"ds-markdown-paragraph\" style=\"padding-left: 40px;\">\u2705  Ngu\u1ed3n n\u01b0\u1edbc: K\u1ebft n\u1ed1i tr\u1ef1c ti\u1ebfp v\u1edbi \u0111\u01b0\u1eddng d\u00e2y n\u01b0\u1edbc l\u1ea1nh ti\u00eau chu\u1ea9n.<\/p>\n<p class=\"ds-markdown-paragraph\" style=\"padding-left: 40px;\">\u2705  \u0110\u1ea7u ra: Cung c\u1ea5p n\u01b0\u1edbc l\u00e0m gi\u00e0u ion b\u1ea1c cho v\u00f2i n\u01b0\u1edbc ho\u1eb7c \u1ed5 c\u1eafm chuy\u00ean d\u1ee5ng.<\/p>\n<p class=\"ds-markdown-paragraph\" style=\"padding-left: 40px;\">\u2705  S\u1eed d\u1ee5ng s\u1ea3n ph\u1ea9m ph\u1ee5: n\u01b0\u1edbc tho\u00e1t RO ph\u00f9 h\u1ee3p cho c\u00e1c nhi\u1ec7m v\u1ee5 l\u00e0m s\u1ea1ch chung.<\/p>\n<p style=\"padding-left: 40px;\">\u2705  Giao di\u1ec7n \u0111i\u1ec1u khi\u1ec3n: C\u00f3 m\u00e0n h\u00ecnh hi\u1ec3n th\u1ecb v\u00e0 c\u00e1c n\u00fat (B\u1eaft \u0111\u1ea7u, \u0110\u1eb7t l\u1ea1i) \u0111\u1ec3 ho\u1ea1t \u0111\u1ed9ng v\u00e0 kh\u1eafc ph\u1ee5c v\u1ea5n \u0111\u1ec1.<\/p>\n<p>&nbsp;<\/p>\n<h2>S\u1eed d\u1ee5ng \u1edf \u0111\u00e2u<\/h2>\n<p style=\"padding-left: 40px;\"><strong><b>\u2705<\/b><\/strong> Nh\u00e0 b\u1eadn r\u1ed9n &amp; Kh\u00f4ng gian s\u1ed1ng: \u0110\u1ed1i v\u1edbi nh\u00e0 b\u1ebfp, ph\u00f2ng t\u1eafm v\u00e0 b\u1ec1 m\u1eb7t c\u1ea3m \u1ee9ng cao tr\u00ean to\u00e0n nh\u00e0.<\/p>\n<p style=\"padding-left: 40px;\">\u2705  Th\u01b0\u01a1ng m\u1ea1i &amp; Thi\u1ebft l\u1eadp chuy\u00ean nghi\u1ec7p: L\u00fd t\u01b0\u1edfng cho v\u0103n ph\u00f2ng, nh\u00e0 h\u00e0ng, qu\u00e1n c\u00e0 ph\u00ea, ph\u00f2ng kh\u00e1m, ph\u00f2ng t\u1eadp th\u1ec3 d\u1ee5c v\u00e0 c\u01a1 s\u1edf ch\u0103m s\u00f3c v\u1eadt nu\u00f4i.<\/p>\n<p style=\"padding-left: 40px;\">\u2705  \u1ee8ng d\u1ee5ng c\u1ee5 th\u1ec3: Ho\u00e0n h\u1ea3o cho vi\u1ec7c l\u00e0m s\u1ea1ch th\u01b0\u1eddng xuy\u00ean c\u00e1c khu v\u1ef1c chu\u1ea9n b\u1ecb th\u1ef1c ph\u1ea9m, b\u00e0n, thi\u1ebft b\u1ecb v\u00e0 \u0111\u1ec3 trung l\u1eadp m\u00f9i trong c\u00e1c khu v\u1ef1c v\u1eadt nu\u00f4i, khu v\u1ef1c r\u00e1c th\u1ea3i ho\u1eb7c ph\u00f2ng thay \u0111\u1ed3.<\/p>\n<p>&nbsp;<\/p>\n<h2>T\u1eeb tr\u00e1ch nhi\u1ec7m<\/h2>\n<p>H\u1ec7 th\u1ed1ng t\u1ea1o ion b\u1ea1c ARGENTUMIX <em>l\u00e0 m\u1ed9t thi\u1ebft b\u1ecb l\u00e0m s\u1ea1ch gia \u0111\u00ecnh \u0111\u01b0\u1ee3c thi\u1ebft k\u1ebf \u0111\u1ec3 t\u1ea1o ra n\u01b0\u1edbc l\u00e0m gi\u00e0u ion b\u1ea1c \u0111\u1ec3 l\u00e0m s\u1ea1ch b\u1ed5 sung v\u00e0 ki\u1ec3m so\u00e1t m\u00f9i.\u00a0<\/em>S\u1ea3n ph\u1ea9m n\u00e0y l\u00e0\u00a0<em>kh\u00f4ng ph\u1ea3i l\u00e0 ch\u1ea5t kh\u1eed tr\u00f9ng, thu\u1ed1c kh\u1eed tr\u00f9ng, thu\u1ed1c, ho\u1eb7c s\u1ea3n ph\u1ea9m m\u1ef9 ph\u1ea9m<\/em><strong>.<\/strong>\u00a0N\u00f3 kh\u00f4ng c\u00f3 m\u1ee5c \u0111\u00edch ng\u0103n ng\u1eeba, \u0111i\u1ec1u tr\u1ecb, gi\u1ea3m b\u1edbt ho\u1eb7c ch\u1eefa tr\u1ecb b\u1ea5t k\u1ef3 b\u1ec7nh ho\u1eb7c t\u00ecnh tr\u1ea1ng s\u1ee9c kh\u1ecfe n\u00e0o. N\u00f3 \u0111\u01b0\u1ee3c thi\u1ebft k\u1ebf cho\u00a0<em>ch\u1ec9 c\u00f3 m\u1ee5c \u0111\u00edch l\u00e0m s\u1ea1ch chung, ph\u1ee5 tr\u1ee3<\/em><strong>.<\/strong>\u00a0T\u1ea5t c\u1ea3 c\u00e1c t\u00e0i li\u1ec7u tham kh\u1ea3o cho c\u00e1c k\u1ecbch b\u1ea3n s\u1eed d\u1ee5ng l\u00e0 m\u00f4 t\u1ea3 v\u1ec1 \u1ee9ng d\u1ee5ng v\u1eadt l\u00fd v\u00e0 kh\u00f4ng ph\u1ea3i c\u00e1c tuy\u00ean b\u1ed1 v\u1ec1 hi\u1ec7u qu\u1ea3.<\/p>\n<p>&nbsp;<\/p>\n<p>\u0110\u1ec3 bi\u1ebft th\u00eam th\u00f4ng tin ho\u1eb7c y\u00eau c\u1ea7u \u0111\u1ed1i t\u00e1c, vui l\u00f2ng li\u00ean h\u1ec7 v\u1edbi ch\u00fang t\u00f4i t\u1ea1i\u00a0<em><span style=\"color: #3366ff;\"><a style=\"color: #3366ff;\" href=\"mailto:info@argentumix.com\" target=\"_blank\" rel=\"noopener noreferrer\">info@argentumix.com<\/a><\/span><\/em>Ch\u00fang t\u00f4i mong mu\u1ed1n h\u1ed7 tr\u1ee3 b\u1ea1n.<\/p>","protected":false},"excerpt":{"rendered":"<h3><span style=\"font-size: 14pt;\"><em><strong>N\u00f3i l\u1eddi t\u1ea1m bi\u1ec7t v\u1edbi c\u00e1c chai ph\u1ee9c t\u1ea1p v\u00e0 v\u00f4 t\u1eadn.<\/strong><\/em><\/span><\/h3>\n<p>K\u1ebft n\u1ed1i tr\u1ef1c ti\u1ebfp v\u1edbi ngu\u1ed3n cung c\u1ea5p n\u01b0\u1edbc v\u00f2i c\u1ee7a b\u1ea1n \u0111\u1ec3 cung c\u1ea5p n\u01b0\u1edbc s\u1ea1ch li\u00ean t\u1ee5c v\u1edbi c\u00e1c ion b\u1ea1c. L\u1ecdc RO t\u00edch h\u1ee3p \u0111\u1ea3m b\u1ea3o ch\u1ea5t l\u01b0\u1ee3ng n\u01b0\u1edbc \u1ed5n \u0111\u1ecbnh v\u00e0 c\u00f4ng su\u1ea5t n\u01b0\u1edbc l\u1edbn cho ph\u00e9p s\u1eed d\u1ee5ng c\u1ea3 ng\u00e0y, l\u00e0m cho n\u00f3 tr\u1edf th\u00e0nh trung t\u00e2m thanh l\u1ecdc th\u00f4ng minh cho nh\u00e0 v\u00e0 kh\u00f4ng gian th\u01b0\u01a1ng m\u1ea1i.<\/p>\n<p>Gi\u1ea3i ph\u00e1p \u0111\u01b0\u1ee3c t\u1ea1o ra ho\u1ea1t \u0111\u1ed9ng \u0111\u1ec3 h\u1ea1n ch\u1ebf s\u1ef1 ph\u00e1t tri\u1ec3n c\u1ee7a vi khu\u1ea9n g\u00e2y m\u00f9i ngay t\u1ea1i ngu\u1ed3n, gi\u00fap ng\u0103n ng\u1eeba c\u00e1c v\u1ea5n \u0111\u1ec1 tr\u01b0\u1edbc khi ch\u00fang b\u1eaft \u0111\u1ea7u.  It&#8217; C\u1ed1t l\u00f5i th\u00f4ng minh cho m\u1ed9t nh\u00e0 ho\u1eb7c doanh nghi\u1ec7p s\u1ea1ch h\u01a1n: b\u1ec1n v\u1eefng, kinh t\u1ebf v\u00e0 \u0111\u01b0\u1ee3c thi\u1ebft k\u1ebf \u0111\u1ec3 thay th\u1ebf v\u00f4 s\u1ed1 chai nh\u1ef1a s\u1eed d\u1ee5ng m\u1ed9t l\u1ea7n. Ch\u0103m s\u00f3c tinh khi\u1ebft, th\u00f4ng minh - \u0111\u01b0\u1ee3c t\u01b0\u1edfng t\u01b0\u1ee3ng l\u1ea1i cho kh\u00f4ng gian hi\u1ec7n \u0111\u1ea1i.<\/p>","protected":false},"featured_media":4596,"comment_status":"closed","ping_status":"closed","template":"","meta":[],"product_brand":[69],"product_cat":[16],"product_tag":[60,70,61],"class_list":{"0":"post-3470","1":"product","2":"type-product","3":"status-publish","4":"has-post-thumbnail","6":"product_brand-argentumix","7":"product_cat-commercial-series","8":"product_tag-silver-ion-generator","9":"product_tag-silver-ion-technology","10":"product_tag-silver-ion-water-generator","12":"first","13":"outofstock","14":"shipping-taxable","15":"purchasable","16":"product-type-simple"},"_links":{"self":[{"href":"https:\/\/www.argentumix.com\/vi\/wp-json\/wp\/v2\/product\/3470","targetHints":{"allow":["GET"]}}],"collection":[{"href":"https:\/\/www.argentumix.com\/vi\/wp-json\/wp\/v2\/product"}],"about":[{"href":"https:\/\/www.argentumix.com\/vi\/wp-json\/wp\/v2\/types\/product"}],"replies":[{"embeddable":true,"href":"https:\/\/www.argentumix.com\/vi\/wp-json\/wp\/v2\/comments?post=3470"}],"wp:featuredmedia":[{"embeddable":true,"href":"https:\/\/www.argentumix.com\/vi\/wp-json\/wp\/v2\/media\/4596"}],"wp:attachment":[{"href":"https:\/\/www.argentumix.com\/vi\/wp-json\/wp\/v2\/media?parent=3470"}],"wp:term":[{"taxonomy":"product_brand","embeddable":true,"href":"https:\/\/www.argentumix.com\/vi\/wp-json\/wp\/v2\/product_brand?post=3470"},{"taxonomy":"product_cat","embeddable":true,"href":"https:\/\/www.argentumix.com\/vi\/wp-json\/wp\/v2\/product_cat?post=3470"},{"taxonomy":"product_tag","embeddable":true,"href":"https:\/\/www.argentumix.com\/vi\/wp-json\/wp\/v2\/product_tag?post=3470"}],"curies":[{"name":"wp","href":"https:\/\/api.w.org\/{rel}","templated":true}]}}